{"id":688744,"date":"2025-08-27T13:07:29","date_gmt":"2025-08-27T10:07:29","guid":{"rendered":"https:\/\/roveyayinevi.com.tr\/index.php\/urun\/pusudaki-ten\/"},"modified":"2026-04-16T01:58:37","modified_gmt":"2026-04-15T22:58:37","slug":"pusudaki-ten","status":"publish","type":"product","link":"https:\/\/roveyayinevi.com.tr\/index.php\/urun\/pusudaki-ten\/","title":{"rendered":"Pusudaki Ten"},"content":{"rendered":"<p>Hi\u00e7bir y\u00fck, kendimize itiraf etmekte zorland\u0131\u011f\u0131m\u0131z cinsel fanteziler denli a\u011f\u0131r de\u011fildir. Ger\u00e7i bu fantezilerin uluorta telaffuz edilmesiyle kimse d\u00fczl\u00fc\u011fe \u00e7\u0131kmaz; ama suskunlu\u011fun saplant\u0131ya d\u00f6n\u00fc\u015ft\u00fc\u011f\u00fc noktada, s\u00fcrekli yutkunmak bir \u00e7\u00f6z\u00fcm de\u011fil, ka\u00e7\u0131r\u0131lm\u0131\u015f f\u0131rsatlar\u0131n telafisine y\u00f6nelik sayr\u0131l\u0131 bir bekleyi\u015ftir sadece. \ufffcTan\u0131t\u0131m Metni<\/p>\n","protected":false},"excerpt":{"rendered":"<p>Hi\u00e7bir y\u00fck, kendimize itiraf etmekte zorland\u0131\u011f\u0131m\u0131z cinsel fanteziler denli a\u011f\u0131r de\u011fildir. Ger\u00e7i bu fantezilerin uluorta telaffuz edilmesiyle kimse d\u00fczl\u00fc\u011fe \u00e7\u0131kmaz; ama suskunlu\u011fun saplant\u0131ya d\u00f6n\u00fc\u015ft\u00fc\u011f\u00fc noktada, s\u00fcrekli<span class=\"excerpt-hellip\"> [\u2026]<\/span><\/p>\n","protected":false},"featured_media":0,"template":"","meta":{"_monsterinsights_skip_tracking":false,"_monsterinsights_sitenote_active":false,"_monsterinsights_sitenote_note":"","_monsterinsights_sitenote_category":0},"product_brand":[],"product_cat":[12777,12291],"product_tag":[],"class_list":{"0":"post-688744","1":"product","2":"type-product","3":"status-publish","5":"product_cat-deneme","6":"product_cat-edebiyat","7":"pa_cilt-ciltsiz","8":"pa_tur-kitap","9":"pa_yayinevi-agora-kitapligi","10":"pa_yazar-mehmet-erguven","12":"first","13":"instock","14":"sale","15":"shipping-taxable","16":"purchasable","17":"product-type-simple"},"_links":{"self":[{"href":"https:\/\/roveyayinevi.com.tr\/index.php\/wp-json\/wp\/v2\/product\/688744","targetHints":{"allow":["GET"]}}],"collection":[{"href":"https:\/\/roveyayinevi.com.tr\/index.php\/wp-json\/wp\/v2\/product"}],"about":[{"href":"https:\/\/roveyayinevi.com.tr\/index.php\/wp-json\/wp\/v2\/types\/product"}],"wp:attachment":[{"href":"https:\/\/roveyayinevi.com.tr\/index.php\/wp-json\/wp\/v2\/media?parent=688744"}],"wp:term":[{"taxonomy":"product_brand","embeddable":true,"href":"https:\/\/roveyayinevi.com.tr\/index.php\/wp-json\/wp\/v2\/product_brand?post=688744"},{"taxonomy":"product_cat","embeddable":true,"href":"https:\/\/roveyayinevi.com.tr\/index.php\/wp-json\/wp\/v2\/product_cat?post=688744"},{"taxonomy":"product_tag","embeddable":true,"href":"https:\/\/roveyayinevi.com.tr\/index.php\/wp-json\/wp\/v2\/product_tag?post=688744"}],"curies":[{"name":"wp","href":"https:\/\/api.w.org\/{rel}","templated":true}]}}