{"id":688738,"date":"2025-08-27T13:07:28","date_gmt":"2025-08-27T10:07:28","guid":{"rendered":"https:\/\/roveyayinevi.com.tr\/index.php\/urun\/cizmeyi-ogrenelim-agaclar-ve-ormanlar\/"},"modified":"2026-04-16T01:58:37","modified_gmt":"2026-04-15T22:58:37","slug":"cizmeyi-ogrenelim-agaclar-ve-ormanlar","status":"publish","type":"product","link":"https:\/\/roveyayinevi.com.tr\/index.php\/urun\/cizmeyi-ogrenelim-agaclar-ve-ormanlar\/","title":{"rendered":"\u00c7izmeyi \u00d6\u011frenelim &#8211; A\u011fa\u00e7lar ve Ormanlar"},"content":{"rendered":"<p>Bu muhte\u015fem kitaplar ile, hi\u00e7 resim \u00e7izme becerisi olmayan ki\u015filer bile resim \u00e7izmeyi \u00f6\u011frenecek. Mark Bergin\u2019in ilk \u00e7izgilerden resmin tamamlanmas\u0131na kadar her a\u015famada sunulan y\u00f6nlendirmeler sayesinde, g\u00f6z al\u0131c\u0131 resimler ortaya \u00e7\u0131kacak. Sak\u0131n akl\u0131n\u0131zdan \u00e7\u0131karmay\u0131n, g\u00f6rebiliyor ya da zihninizde canland\u0131rabiliyorsan\u0131z, \u00e7izebilirsiniz! <\/p>\n","protected":false},"excerpt":{"rendered":"<p>Bu muhte\u015fem kitaplar ile, hi\u00e7 resim \u00e7izme becerisi olmayan ki\u015filer bile resim \u00e7izmeyi \u00f6\u011frenecek. Mark Bergin\u2019in ilk \u00e7izgilerden resmin tamamlanmas\u0131na kadar her a\u015famada sunulan y\u00f6nlendirmeler sayesinde,<span class=\"excerpt-hellip\"> [\u2026]<\/span><\/p>\n","protected":false},"featured_media":0,"template":"","meta":{"_monsterinsights_skip_tracking":false,"_monsterinsights_sitenote_active":false,"_monsterinsights_sitenote_note":"","_monsterinsights_sitenote_category":0},"product_brand":[],"product_cat":[12644,12274],"product_tag":[],"class_list":{"0":"post-688738","1":"product","2":"type-product","3":"status-publish","5":"product_cat-boyama-kitaplari","6":"product_cat-cocuk-ve-genclik-kitaplari","7":"pa_tur-kitap","8":"pa_yayinevi-1001-cicek-kitaplar","9":"pa_yazar-mark-bergin","11":"first","12":"instock","13":"sale","14":"shipping-taxable","15":"purchasable","16":"product-type-simple"},"_links":{"self":[{"href":"https:\/\/roveyayinevi.com.tr\/index.php\/wp-json\/wp\/v2\/product\/688738","targetHints":{"allow":["GET"]}}],"collection":[{"href":"https:\/\/roveyayinevi.com.tr\/index.php\/wp-json\/wp\/v2\/product"}],"about":[{"href":"https:\/\/roveyayinevi.com.tr\/index.php\/wp-json\/wp\/v2\/types\/product"}],"wp:attachment":[{"href":"https:\/\/roveyayinevi.com.tr\/index.php\/wp-json\/wp\/v2\/media?parent=688738"}],"wp:term":[{"taxonomy":"product_brand","embeddable":true,"href":"https:\/\/roveyayinevi.com.tr\/index.php\/wp-json\/wp\/v2\/product_brand?post=688738"},{"taxonomy":"product_cat","embeddable":true,"href":"https:\/\/roveyayinevi.com.tr\/index.php\/wp-json\/wp\/v2\/product_cat?post=688738"},{"taxonomy":"product_tag","embeddable":true,"href":"https:\/\/roveyayinevi.com.tr\/index.php\/wp-json\/wp\/v2\/product_tag?post=688738"}],"curies":[{"name":"wp","href":"https:\/\/api.w.org\/{rel}","templated":true}]}}