{"id":688737,"date":"2025-08-27T13:07:28","date_gmt":"2025-08-27T10:07:28","guid":{"rendered":"https:\/\/roveyayinevi.com.tr\/index.php\/urun\/cocuk-ve-oyun\/"},"modified":"2026-04-16T01:58:37","modified_gmt":"2026-04-15T22:58:37","slug":"cocuk-ve-oyun","status":"publish","type":"product","link":"https:\/\/roveyayinevi.com.tr\/index.php\/urun\/cocuk-ve-oyun\/","title":{"rendered":"\u00c7ocuk ve Oyun"},"content":{"rendered":"<p>Bu kitapta, \u00e7ocuklarda s\u0131kl\u0131kla g\u00f6r\u00fclen ruhsal sorunlara de\u011finilmi\u015ftir. \u00c7ocu\u011fun ki\u015fili\u011fini olu\u015fumunda anne-baba ve \u00f6\u011fretmenlerin ne denli etkili oldu\u011fu vurgulanmaya \u00e7al\u0131\u015f\u0131lm\u0131\u015ft\u0131r.Ayr\u0131ca oyunun, \u00e7ocu\u011fun ya\u015fam\u0131ndaki \u00f6nemi belirtilmeye \u00e7al\u0131\u015f\u0131lm\u0131\u015ft\u0131r. Bilindi\u011fi gibi \u00e7ocuk, duygular\u0131n\u0131 en iyi oyun ortam\u0131nda anlat\u0131r. \u00c7ocuk sevincini, nefretini, sevgi aray\u0131\u015f\u0131n\u0131, sald\u0131rganl\u0131\u011f\u0131n\u0131 oyunlarda sergiler. \u00c7ocu\u011fa, ya\u015f\u0131na uygun oyunlar oynamas\u0131na ortam haz\u0131rland\u0131\u011f\u0131 oranda yard\u0131m edilmi\u015f olur.Bu kitab\u0131n anne-babalara, e\u011fitimcilere, rehber uzmanlara, okul psikologlar\u0131na ve \u00e7ocuk psikiyatrisinde \u00e7al\u0131\u015fan klinik psikologlara yararl\u0131 olaca\u011f\u0131 d\u00fc\u015f\u00fcn\u00fclmektedir.<\/p>\n","protected":false},"excerpt":{"rendered":"<p>Bu kitapta, \u00e7ocuklarda s\u0131kl\u0131kla g\u00f6r\u00fclen ruhsal sorunlara de\u011finilmi\u015ftir. \u00c7ocu\u011fun ki\u015fili\u011fini olu\u015fumunda anne-baba ve \u00f6\u011fretmenlerin ne denli etkili oldu\u011fu vurgulanmaya \u00e7al\u0131\u015f\u0131lm\u0131\u015ft\u0131r.Ayr\u0131ca oyunun, \u00e7ocu\u011fun ya\u015fam\u0131ndaki \u00f6nemi belirtilmeye \u00e7al\u0131\u015f\u0131lm\u0131\u015ft\u0131r.<span class=\"excerpt-hellip\"> [\u2026]<\/span><\/p>\n","protected":false},"featured_media":0,"template":"","meta":{"_monsterinsights_skip_tracking":false,"_monsterinsights_sitenote_active":false,"_monsterinsights_sitenote_note":"","_monsterinsights_sitenote_category":0},"product_brand":[],"product_cat":[12679,12357],"product_tag":[],"class_list":{"0":"post-688737","1":"product","2":"type-product","3":"status-publish","5":"product_cat-cocuk-psikolojisi","6":"product_cat-psikoloji","7":"pa_cilt-ciltsiz","8":"pa_tur-kitap","9":"pa_yayinevi-ani-yayincilik","10":"pa_yazar-berka-ozdogan","12":"first","13":"instock","14":"sale","15":"shipping-taxable","16":"purchasable","17":"product-type-simple"},"_links":{"self":[{"href":"https:\/\/roveyayinevi.com.tr\/index.php\/wp-json\/wp\/v2\/product\/688737","targetHints":{"allow":["GET"]}}],"collection":[{"href":"https:\/\/roveyayinevi.com.tr\/index.php\/wp-json\/wp\/v2\/product"}],"about":[{"href":"https:\/\/roveyayinevi.com.tr\/index.php\/wp-json\/wp\/v2\/types\/product"}],"wp:attachment":[{"href":"https:\/\/roveyayinevi.com.tr\/index.php\/wp-json\/wp\/v2\/media?parent=688737"}],"wp:term":[{"taxonomy":"product_brand","embeddable":true,"href":"https:\/\/roveyayinevi.com.tr\/index.php\/wp-json\/wp\/v2\/product_brand?post=688737"},{"taxonomy":"product_cat","embeddable":true,"href":"https:\/\/roveyayinevi.com.tr\/index.php\/wp-json\/wp\/v2\/product_cat?post=688737"},{"taxonomy":"product_tag","embeddable":true,"href":"https:\/\/roveyayinevi.com.tr\/index.php\/wp-json\/wp\/v2\/product_tag?post=688737"}],"curies":[{"name":"wp","href":"https:\/\/api.w.org\/{rel}","templated":true}]}}