{"id":688730,"date":"2025-08-27T13:07:27","date_gmt":"2025-08-27T10:07:27","guid":{"rendered":"https:\/\/roveyayinevi.com.tr\/index.php\/urun\/dunyayi-ogreniyorum-arkadasim-ciftci\/"},"modified":"2026-04-16T01:58:36","modified_gmt":"2026-04-15T22:58:36","slug":"dunyayi-ogreniyorum-arkadasim-ciftci","status":"publish","type":"product","link":"https:\/\/roveyayinevi.com.tr\/index.php\/urun\/dunyayi-ogreniyorum-arkadasim-ciftci\/","title":{"rendered":"D\u00fcnyay\u0131 \u00d6\u011freniyorum &#8211; Arkada\u015f\u0131m \u00c7ift\u00e7i"},"content":{"rendered":"<p>D\u00fcnya \u00fczerindeki en \u00f6nemli mesleklerden biri \u00e7ift\u00e7iliktir. Yedi\u011fimiz i\u00e7ti\u011fimiz her \u015feyi \u00e7ift\u00e7iler \u00fcretir. \u00c7ift\u00e7iler her mevsimde farkl\u0131 i\u015fler yapar, tah\u0131l, sebze ve meyve \u00fcretimi ve hayvanlar\u0131n bak\u0131m\u0131 i\u00e7in \u00e7ok \u00e7al\u0131\u015f\u0131rlar. Arkada\u015f\u0131m\u0131n \u00e7iftli\u011fine yapt\u0131\u011f\u0131m geziye sen de kat\u0131labilirsin.Hadi gidip \u00e7iftlikte neler oldu\u011funu g\u00f6relim.\u00c7ift\u00e7ilikle ilgili sorulara cevap veren bu bilgilendirici kitap \u00e7ocuklar\u0131n dikkatini \u00e7ekecek resimlerle dolu.<\/p>\n","protected":false},"excerpt":{"rendered":"<p>D\u00fcnya \u00fczerindeki en \u00f6nemli mesleklerden biri \u00e7ift\u00e7iliktir. Yedi\u011fimiz i\u00e7ti\u011fimiz her \u015feyi \u00e7ift\u00e7iler \u00fcretir. \u00c7ift\u00e7iler her mevsimde farkl\u0131 i\u015fler yapar, tah\u0131l, sebze ve meyve \u00fcretimi ve hayvanlar\u0131n<span class=\"excerpt-hellip\"> [\u2026]<\/span><\/p>\n","protected":false},"featured_media":0,"template":"","meta":{"_monsterinsights_skip_tracking":false,"_monsterinsights_sitenote_active":false,"_monsterinsights_sitenote_note":"","_monsterinsights_sitenote_category":0},"product_brand":[],"product_cat":[12274,12284],"product_tag":[],"class_list":{"0":"post-688730","1":"product","2":"type-product","3":"status-publish","5":"product_cat-cocuk-ve-genclik-kitaplari","6":"product_cat-hikayeler","7":"pa_cilt-ciltsiz","8":"pa_tur-kitap","9":"pa_yayinevi-is-bankasi-kultur-yayinlari","10":"pa_yazar-susanne-schurmann","12":"first","13":"instock","14":"sale","15":"shipping-taxable","16":"purchasable","17":"product-type-simple"},"_links":{"self":[{"href":"https:\/\/roveyayinevi.com.tr\/index.php\/wp-json\/wp\/v2\/product\/688730","targetHints":{"allow":["GET"]}}],"collection":[{"href":"https:\/\/roveyayinevi.com.tr\/index.php\/wp-json\/wp\/v2\/product"}],"about":[{"href":"https:\/\/roveyayinevi.com.tr\/index.php\/wp-json\/wp\/v2\/types\/product"}],"wp:attachment":[{"href":"https:\/\/roveyayinevi.com.tr\/index.php\/wp-json\/wp\/v2\/media?parent=688730"}],"wp:term":[{"taxonomy":"product_brand","embeddable":true,"href":"https:\/\/roveyayinevi.com.tr\/index.php\/wp-json\/wp\/v2\/product_brand?post=688730"},{"taxonomy":"product_cat","embeddable":true,"href":"https:\/\/roveyayinevi.com.tr\/index.php\/wp-json\/wp\/v2\/product_cat?post=688730"},{"taxonomy":"product_tag","embeddable":true,"href":"https:\/\/roveyayinevi.com.tr\/index.php\/wp-json\/wp\/v2\/product_tag?post=688730"}],"curies":[{"name":"wp","href":"https:\/\/api.w.org\/{rel}","templated":true}]}}