{"id":688729,"date":"2025-08-27T13:07:27","date_gmt":"2025-08-27T10:07:27","guid":{"rendered":"https:\/\/roveyayinevi.com.tr\/index.php\/urun\/insanin-8-evresi\/"},"modified":"2025-10-27T11:49:23","modified_gmt":"2025-10-27T08:49:23","slug":"insanin-8-evresi","status":"publish","type":"product","link":"https:\/\/roveyayinevi.com.tr\/index.php\/urun\/insanin-8-evresi\/","title":{"rendered":"\u0130nsan\u0131n 8 Evresi"},"content":{"rendered":"<p>20. y\u00fczy\u0131l\u0131n en \u00f6nemli psikanalistlerinden Erik H. Erikson\u2019un, insan\u0131n 8 evresini tan\u0131mlad\u0131\u011f\u0131 \u2018psikososyal geli\u015fim kuram\u0131\u2019 psikoloji d\u00fcnyas\u0131nda \u00e7\u0131\u011f\u0131r a\u00e7m\u0131\u015ft\u0131r. Erikson\u2019un evreleri, hem sosyal hem de psikolojik odaklanmayla, geli\u015fimin psikoseks\u00fcel do\u011fas\u0131n\u0131 vurgulayan Freudyen d\u00fc\u015f\u00fcncede bir s\u0131\u00e7ramay\u0131 temsil eder. Freud, ki\u015filik geli\u015fiminde \u00e7ocukluk y\u0131llar\u0131n\u0131n belirleyici oldu\u011funu ve ergenlik y\u0131llar\u0131ndan itibaren yeti\u015fkin ki\u015fili\u011fin kazan\u0131ld\u0131\u011f\u0131n\u0131 belirtirken; Erikson, ki\u015filik geli\u015fiminde \u00e7ocukluk y\u0131llar\u0131n\u0131n \u00f6nemini kabul etmekle birlikte, ki\u015fili\u011fin ya\u015fam boyunca devam eden bir s\u00fcre\u00e7te geli\u015fti\u011fini savunur. \ufffcTan\u0131t\u0131m Metni<\/p>\n","protected":false},"excerpt":{"rendered":"<p>20. y\u00fczy\u0131l\u0131n en \u00f6nemli psikanalistlerinden Erik H. Erikson\u2019un, insan\u0131n 8 evresini tan\u0131mlad\u0131\u011f\u0131 \u2018psikososyal geli\u015fim kuram\u0131\u2019 psikoloji d\u00fcnyas\u0131nda \u00e7\u0131\u011f\u0131r a\u00e7m\u0131\u015ft\u0131r. Erikson\u2019un evreleri, hem sosyal hem de psikolojik<span class=\"excerpt-hellip\"> [\u2026]<\/span><\/p>\n","protected":false},"featured_media":0,"template":"","meta":{"_monsterinsights_skip_tracking":false,"_monsterinsights_sitenote_active":false,"_monsterinsights_sitenote_note":"","_monsterinsights_sitenote_category":0},"product_brand":[],"product_cat":[12358,12357],"product_tag":[],"class_list":{"0":"post-688729","1":"product","2":"type-product","3":"status-publish","5":"product_cat-genel-psikoloji","6":"product_cat-psikoloji","7":"pa_cilt-ciltsiz","8":"pa_tur-kitap","9":"pa_yayinevi-okuyan-us-yayin","10":"pa_yazar-erik-h-erikson","12":"first","13":"instock","14":"sale","15":"shipping-taxable","16":"purchasable","17":"product-type-simple"},"_links":{"self":[{"href":"https:\/\/roveyayinevi.com.tr\/index.php\/wp-json\/wp\/v2\/product\/688729","targetHints":{"allow":["GET"]}}],"collection":[{"href":"https:\/\/roveyayinevi.com.tr\/index.php\/wp-json\/wp\/v2\/product"}],"about":[{"href":"https:\/\/roveyayinevi.com.tr\/index.php\/wp-json\/wp\/v2\/types\/product"}],"wp:attachment":[{"href":"https:\/\/roveyayinevi.com.tr\/index.php\/wp-json\/wp\/v2\/media?parent=688729"}],"wp:term":[{"taxonomy":"product_brand","embeddable":true,"href":"https:\/\/roveyayinevi.com.tr\/index.php\/wp-json\/wp\/v2\/product_brand?post=688729"},{"taxonomy":"product_cat","embeddable":true,"href":"https:\/\/roveyayinevi.com.tr\/index.php\/wp-json\/wp\/v2\/product_cat?post=688729"},{"taxonomy":"product_tag","embeddable":true,"href":"https:\/\/roveyayinevi.com.tr\/index.php\/wp-json\/wp\/v2\/product_tag?post=688729"}],"curies":[{"name":"wp","href":"https:\/\/api.w.org\/{rel}","templated":true}]}}