{"id":688724,"date":"2025-08-27T13:07:26","date_gmt":"2025-08-27T10:07:26","guid":{"rendered":"https:\/\/roveyayinevi.com.tr\/index.php\/urun\/kayip-ayiciklar-diyari\/"},"modified":"2026-04-16T01:58:36","modified_gmt":"2026-04-15T22:58:36","slug":"kayip-ayiciklar-diyari","status":"publish","type":"product","link":"https:\/\/roveyayinevi.com.tr\/index.php\/urun\/kayip-ayiciklar-diyari\/","title":{"rendered":"Kay\u0131p Ay\u0131c\u0131klar Diyar\u0131"},"content":{"rendered":"<p>Efe\u2019nin oyuncak ay\u0131s\u0131 Edi gizemli bir bi\u00e7imde ortadan kaybolur. Efe onu bulmak i\u00e7in Kay\u0131p Ay\u0131c\u0131klar Diyar\u0131na do\u011fru bir yolculuk yapar. Onun ay\u0131c\u0131klarla dolu bu sihirli krall\u0131\u011fa yapt\u0131\u011f\u0131 yolculu\u011fa siz de kat\u0131l\u0131n. <\/p>\n","protected":false},"excerpt":{"rendered":"<p>Efe\u2019nin oyuncak ay\u0131s\u0131 Edi gizemli bir bi\u00e7imde ortadan kaybolur. Efe onu bulmak i\u00e7in Kay\u0131p Ay\u0131c\u0131klar Diyar\u0131na do\u011fru bir yolculuk yapar. Onun ay\u0131c\u0131klarla dolu bu sihirli krall\u0131\u011fa<span class=\"excerpt-hellip\"> [\u2026]<\/span><\/p>\n","protected":false},"featured_media":0,"template":"","meta":{"_monsterinsights_skip_tracking":false,"_monsterinsights_sitenote_active":false,"_monsterinsights_sitenote_note":"","_monsterinsights_sitenote_category":0},"product_brand":[],"product_cat":[12492,12274],"product_tag":[],"class_list":{"0":"post-688724","1":"product","2":"type-product","3":"status-publish","5":"product_cat-bilmece-bulmaca","6":"product_cat-cocuk-ve-genclik-kitaplari","7":"pa_tur-kitap","8":"pa_yayinevi-1001-cicek-kitaplar","9":"pa_yazar-emma-fischel","11":"first","12":"instock","13":"sale","14":"shipping-taxable","15":"purchasable","16":"product-type-simple"},"_links":{"self":[{"href":"https:\/\/roveyayinevi.com.tr\/index.php\/wp-json\/wp\/v2\/product\/688724","targetHints":{"allow":["GET"]}}],"collection":[{"href":"https:\/\/roveyayinevi.com.tr\/index.php\/wp-json\/wp\/v2\/product"}],"about":[{"href":"https:\/\/roveyayinevi.com.tr\/index.php\/wp-json\/wp\/v2\/types\/product"}],"wp:attachment":[{"href":"https:\/\/roveyayinevi.com.tr\/index.php\/wp-json\/wp\/v2\/media?parent=688724"}],"wp:term":[{"taxonomy":"product_brand","embeddable":true,"href":"https:\/\/roveyayinevi.com.tr\/index.php\/wp-json\/wp\/v2\/product_brand?post=688724"},{"taxonomy":"product_cat","embeddable":true,"href":"https:\/\/roveyayinevi.com.tr\/index.php\/wp-json\/wp\/v2\/product_cat?post=688724"},{"taxonomy":"product_tag","embeddable":true,"href":"https:\/\/roveyayinevi.com.tr\/index.php\/wp-json\/wp\/v2\/product_tag?post=688724"}],"curies":[{"name":"wp","href":"https:\/\/api.w.org\/{rel}","templated":true}]}}