{"id":688714,"date":"2025-08-27T13:07:25","date_gmt":"2025-08-27T10:07:25","guid":{"rendered":"https:\/\/roveyayinevi.com.tr\/index.php\/urun\/daha-guncel-felsefe\/"},"modified":"2026-04-16T01:58:36","modified_gmt":"2026-04-15T22:58:36","slug":"daha-guncel-felsefe","status":"publish","type":"product","link":"https:\/\/roveyayinevi.com.tr\/index.php\/urun\/daha-guncel-felsefe\/","title":{"rendered":"Daha G\u00fcncel Felsefe"},"content":{"rendered":"<p>Bu kitaptaki yaz\u0131lar insanlar\u0131n hayat\u0131n\u0131 ku\u015fatan, onlara seslenen, \u00e7o\u011fu kez de yakalar\u0131na yap\u0131\u015fan sorunlardan bir ka\u00e7\u0131na el de\u011fdirmek istiyor. Nas\u0131l oluyor da insanlar, hesab\u0131n\u0131 bilgiyle hi\u00e7 veremeyecekleri bir konularda bilgi ad\u0131na kesin savlar \u00f6ne s\u00fcr\u00fcyor Bunu yaparken as\u0131l istedikleri nedir. Mutlak ba\u015flang\u0131\u00e7, mutlak son, \u00f6l\u00fcm \u00f6tesi d\u00fcnya bilgi d\u0131\u015f\u0131 kurgulard\u0131r, ama bu kurgular\u0131n i\u00e7i anlam vermelerle, s\u00fcslemelerle doludur hep. Anlam s\u00fcslemelerinin ya\u015famaya hizmeti nedir. \u0130nsanlar yaln\u0131zca toplu ya\u015famakla kalm\u0131yor, \u00f6zg\u00fcr ve daha \u00f6zg\u00fcr toplumla\u015fma i\u00e7in \u00e7aba g\u00f6steriyor. Toplumla\u015fman\u0131n \u00e7ekirde\u011fi siyasalla\u015fma. Birle\u015fik insanl\u0131\u011f\u0131 istiyorlar ama kuram\u0131yorlar. Neden Teknoloji hem ya\u015fat\u0131c\u0131 hem \u00f6ld\u00fcr\u00fcc\u00fc. Bu \u00e7ift kutupluluk insana \u00f6zg\u00fc m\u00fc \u00d6yle ise gelecekten umudu kesecek miyiz, gene de besleyecek miyiz Toplumumuz bilime ni\u00e7in yabanc\u0131l\u0131k \u00e7ekiyor Bilim k\u00fclt\u00fcr\u00fcn \u00f6zsel \u00f6\u011fesi. Bilime a\u00e7\u0131k g\u00f6zle d\u00fcnyaya bak\u0131\u015f y\u00fczy\u0131llar \u00f6ncesinde bizde var ve bilim daha o zaman \u00f6rg\u00fctlenmi\u015f. Cumhuriyet bu yolda \u00f6nemli at\u0131l\u0131mlar yapt\u0131. Bug\u00fcn neden g\u00fcd\u00fck kalm\u0131\u015f durumda Bilimi ba\u015ftan sonra yeniden \u00f6rg\u00fctleme cesaretimiz neden yok K\u00fclt\u00fcr derimizi, dilimizi, \u00f6zenle giyiniyor muyuz Bu sorular daha k\u0131sada sorulur, daha uzun da. Hangi pencereden baksak onlar\u0131 g\u00f6r\u00fcr\u00fcz. Belki onlar\u0131n da bize bakt\u0131\u011f\u0131n\u0131n fark\u0131nda de\u011filiz. Fark\u0131nda olmak i\u00e7in s\u00fcrekli sormak gerek. <\/p>\n","protected":false},"excerpt":{"rendered":"<p>Bu kitaptaki yaz\u0131lar insanlar\u0131n hayat\u0131n\u0131 ku\u015fatan, onlara seslenen, \u00e7o\u011fu kez de yakalar\u0131na yap\u0131\u015fan sorunlardan bir ka\u00e7\u0131na el de\u011fdirmek istiyor. Nas\u0131l oluyor da insanlar, hesab\u0131n\u0131 bilgiyle hi\u00e7<span class=\"excerpt-hellip\"> [\u2026]<\/span><\/p>\n","protected":false},"featured_media":0,"template":"","meta":{"_monsterinsights_skip_tracking":false,"_monsterinsights_sitenote_active":false,"_monsterinsights_sitenote_note":"","_monsterinsights_sitenote_category":0},"product_brand":[],"product_cat":[12389,12388],"product_tag":[],"class_list":{"0":"post-688714","1":"product","2":"type-product","3":"status-publish","5":"product_cat-diger-felsefe","6":"product_cat-felsefe","7":"pa_cilt-ciltsiz","8":"pa_tur-kitap","9":"pa_yayinevi-ani-yayincilik","10":"pa_yazar-ulug-nutku","12":"first","13":"instock","14":"sale","15":"shipping-taxable","16":"purchasable","17":"product-type-simple"},"_links":{"self":[{"href":"https:\/\/roveyayinevi.com.tr\/index.php\/wp-json\/wp\/v2\/product\/688714","targetHints":{"allow":["GET"]}}],"collection":[{"href":"https:\/\/roveyayinevi.com.tr\/index.php\/wp-json\/wp\/v2\/product"}],"about":[{"href":"https:\/\/roveyayinevi.com.tr\/index.php\/wp-json\/wp\/v2\/types\/product"}],"wp:attachment":[{"href":"https:\/\/roveyayinevi.com.tr\/index.php\/wp-json\/wp\/v2\/media?parent=688714"}],"wp:term":[{"taxonomy":"product_brand","embeddable":true,"href":"https:\/\/roveyayinevi.com.tr\/index.php\/wp-json\/wp\/v2\/product_brand?post=688714"},{"taxonomy":"product_cat","embeddable":true,"href":"https:\/\/roveyayinevi.com.tr\/index.php\/wp-json\/wp\/v2\/product_cat?post=688714"},{"taxonomy":"product_tag","embeddable":true,"href":"https:\/\/roveyayinevi.com.tr\/index.php\/wp-json\/wp\/v2\/product_tag?post=688714"}],"curies":[{"name":"wp","href":"https:\/\/api.w.org\/{rel}","templated":true}]}}