{"id":688712,"date":"2025-08-27T13:07:24","date_gmt":"2025-08-27T10:07:24","guid":{"rendered":"https:\/\/roveyayinevi.com.tr\/index.php\/urun\/demiryolu-cocuklari\/"},"modified":"2026-04-16T01:58:36","modified_gmt":"2026-04-15T22:58:36","slug":"demiryolu-cocuklari","status":"publish","type":"product","link":"https:\/\/roveyayinevi.com.tr\/index.php\/urun\/demiryolu-cocuklari\/","title":{"rendered":"Demiryolu \u00c7ocuklar\u0131"},"content":{"rendered":"<p>\u00c7ocuk edebiyat\u0131n\u0131n en se\u00e7kin \u00f6rneklerinin yer ald\u0131\u011f\u0131 Arkada\u015f \u00c7ocuk Serisi&#8217;ne tamam\u0131 resimli yeni iki kitap daha eklendi. Ali Aydo\u011fan taraf\u0131ndan, \u00f6zenli ve titiz bir \u00e7al\u0131\u015fmayla dilimize uyarlanan, tamam\u0131 \u00f6zg\u00fcn \u00e7izimlerle bezenmi\u015f kitaplar, \u00e7ocuklar\u0131n dil e\u011fitimine \u00f6nemli katk\u0131da bulunacak.  Jules Verne&#8217;in \u0130ki Sene Okul Tatili ve Anne Nesbit&#8217;in Demiryolu \u00c7ocuklar\u0131 ve yak\u0131nda yay\u0131nlanacak Siyah \u0130nci, Tom Sawyer, G\u00fcm\u00fc\u015f Patenler ve Robin Hood&#8217;un eklenmesiyle Arkada\u015f \u00c7ocuk Serisi yazarlar\u0131 aras\u0131na Mark Twain, Anna Sewel, Elizabeth Mapes Dodge ve Howard Pyle gibi d\u00fcnya edebiyat\u0131n\u0131n \u00f6nemli isimleri dahil oluyor.  \u0130\u00e7erdikleri hikaye ve masallarla \u00e7ocuklara iyili\u011fi ve k\u00f6t\u00fcl\u00fc\u011f\u00fc, adaleti, payla\u015fmay\u0131, empati kurmay\u0131, do\u011fay\u0131 sevmeyi, kalabal\u0131k i\u00e7inde birey olabilmeyi anlatan bu kitaplar, ak\u0131c\u0131 anlat\u0131mlar\u0131 ve birbirinden g\u00fczel \u00e7izimleriyle \u00f6ne \u00e7\u0131k\u0131yorlar.  \u0130lk\u00f6\u011fretim \u00f6\u011frencileri taraf\u0131ndan okunmas\u0131 tavsiye edilen eserlerden olu\u015fan bu \u00f6zel \u00e7al\u0131\u015fmay\u0131 gen\u00e7 okurlara sunmaktan mutluluk duyuyoruz.  \u2026Babalar\u0131n\u0131n aniden evden ayr\u0131lmas\u0131 \u00fczerine Roberta, Peter ve Phyllis anneleriyle birlikte Londra&#8217;da mutluk ve bolluk i\u00e7inde ya\u015fad\u0131klar\u0131 evlerini terk etmek zorunda kal\u0131rlar. Art\u0131k onlar\u0131 k\u00fc\u00e7\u00fck bir k\u00f6yde zor bir ya\u015fam beklemektedir. Ufac\u0131k bir kul\u00fcbeye yerle\u015firler. \u00dcstelik anneleri de \u00e7al\u0131\u015fmak zorundad\u0131r. \u00c7ocuklar\u0131n tek e\u011flencesi vard\u0131r: Kul\u00fcbelerinin yak\u0131n\u0131ndan ge\u00e7en demiryolu ve trenler\u2026<\/p>\n","protected":false},"excerpt":{"rendered":"<p>\u00c7ocuk edebiyat\u0131n\u0131n en se\u00e7kin \u00f6rneklerinin yer ald\u0131\u011f\u0131 Arkada\u015f \u00c7ocuk Serisi&#8217;ne tamam\u0131 resimli yeni iki kitap daha eklendi. Ali Aydo\u011fan taraf\u0131ndan, \u00f6zenli ve titiz bir \u00e7al\u0131\u015fmayla dilimize<span class=\"excerpt-hellip\"> [\u2026]<\/span><\/p>\n","protected":false},"featured_media":0,"template":"","meta":{"_monsterinsights_skip_tracking":false,"_monsterinsights_sitenote_active":false,"_monsterinsights_sitenote_note":"","_monsterinsights_sitenote_category":0},"product_brand":[],"product_cat":[12274,12284],"product_tag":[],"class_list":{"0":"post-688712","1":"product","2":"type-product","3":"status-publish","5":"product_cat-cocuk-ve-genclik-kitaplari","6":"product_cat-hikayeler","7":"pa_cilt-ciltsiz","8":"pa_tur-kitap","9":"pa_yayinevi-arkadas-yayinlari","10":"pa_yazar-edith-nesbit","12":"first","13":"instock","14":"sale","15":"shipping-taxable","16":"purchasable","17":"product-type-simple"},"_links":{"self":[{"href":"https:\/\/roveyayinevi.com.tr\/index.php\/wp-json\/wp\/v2\/product\/688712","targetHints":{"allow":["GET"]}}],"collection":[{"href":"https:\/\/roveyayinevi.com.tr\/index.php\/wp-json\/wp\/v2\/product"}],"about":[{"href":"https:\/\/roveyayinevi.com.tr\/index.php\/wp-json\/wp\/v2\/types\/product"}],"wp:attachment":[{"href":"https:\/\/roveyayinevi.com.tr\/index.php\/wp-json\/wp\/v2\/media?parent=688712"}],"wp:term":[{"taxonomy":"product_brand","embeddable":true,"href":"https:\/\/roveyayinevi.com.tr\/index.php\/wp-json\/wp\/v2\/product_brand?post=688712"},{"taxonomy":"product_cat","embeddable":true,"href":"https:\/\/roveyayinevi.com.tr\/index.php\/wp-json\/wp\/v2\/product_cat?post=688712"},{"taxonomy":"product_tag","embeddable":true,"href":"https:\/\/roveyayinevi.com.tr\/index.php\/wp-json\/wp\/v2\/product_tag?post=688712"}],"curies":[{"name":"wp","href":"https:\/\/api.w.org\/{rel}","templated":true}]}}