{"id":688707,"date":"2025-08-27T13:07:23","date_gmt":"2025-08-27T10:07:23","guid":{"rendered":"https:\/\/roveyayinevi.com.tr\/index.php\/urun\/dolunay-dedektifleri-dehset-mektuplar\/"},"modified":"2026-04-16T01:58:36","modified_gmt":"2026-04-15T22:58:36","slug":"dolunay-dedektifleri-dehset-mektuplar","status":"publish","type":"product","link":"https:\/\/roveyayinevi.com.tr\/index.php\/urun\/dolunay-dedektifleri-dehset-mektuplar\/","title":{"rendered":"Dolunay Dedektifleri &#8211; Deh\u015fet Mektuplar"},"content":{"rendered":"<p>5 iyi arkada\u015f; Birce, Ece, O\u011fuz, Bilgecan ve Ada&#8230; Ak\u0131ll\u0131, merakl\u0131, cin gibi \u00e7ocuklar. Bu kez, bir T\u00fcrk bilim adam\u0131n\u0131n, insanl\u0131\u011f\u0131 etkileyecek denli \u00f6nemli ke\u015ffi \u00fczerine d\u00fc\u011f\u00fcmlenen bir gizin pe\u015findeler. # \u0130lk kitab\u0131 ile \u00e7ocuklar\u0131 gizemli maceralara s\u00fcr\u00fckleyen dedektiflik dizisinin ikinci kitab\u0131. # Yine i\u00e7 i\u00e7e ge\u00e7mi\u015f inan\u0131lmaz ser\u00fcvenler, ucu T\u00fcrkiye&#8217;de d\u00fc\u011f\u00fcmlenen gizler&#8230; # Be\u015f kafadar\u0131n hayal g\u00fc\u00e7leriyle g\u00f6zlem g\u00fc\u00e7leri birle\u015fince \u00e7o\u011fumuza &#8220;yok can\u0131m&#8221; dedirtecek ipu\u00e7lar\u0131ndan yola \u00e7\u0131k\u0131p \u00f6yle k\u00f6rd\u00fc\u011f\u00fcmler \u00e7\u00f6z\u00fcyorlar ki bu grubun i\u00e7inde olup o ser\u00fcvenleri ya\u015famad\u0131\u011f\u0131n\u0131za hay\u0131flan\u0131yorsunuz. # Mavisel Yener, \u00e7ocuk yaz\u0131n\u0131n\u0131n her alan\u0131nda \u00f6nemli \u00f6d\u00fcller alm\u0131\u015f bir yazar. # Murat Say\u0131n&#8217;\u0131n vinyetleriyle.\ufffc<\/p>\n","protected":false},"excerpt":{"rendered":"<p>5 iyi arkada\u015f; Birce, Ece, O\u011fuz, Bilgecan ve Ada&#8230; Ak\u0131ll\u0131, merakl\u0131, cin gibi \u00e7ocuklar. Bu kez, bir T\u00fcrk bilim adam\u0131n\u0131n, insanl\u0131\u011f\u0131 etkileyecek denli \u00f6nemli ke\u015ffi \u00fczerine<span class=\"excerpt-hellip\"> [\u2026]<\/span><\/p>\n","protected":false},"featured_media":0,"template":"","meta":{"_monsterinsights_skip_tracking":false,"_monsterinsights_sitenote_active":false,"_monsterinsights_sitenote_note":"","_monsterinsights_sitenote_category":0},"product_brand":[],"product_cat":[12274,12284],"product_tag":[],"class_list":{"0":"post-688707","1":"product","2":"type-product","3":"status-publish","5":"product_cat-cocuk-ve-genclik-kitaplari","6":"product_cat-hikayeler","7":"pa_cilt-ciltsiz","8":"pa_tur-kitap","9":"pa_yayinevi-bilgi-yayinevi-cocuk","10":"pa_yazar-mavisel-yener","12":"first","13":"instock","14":"sale","15":"shipping-taxable","16":"purchasable","17":"product-type-simple"},"_links":{"self":[{"href":"https:\/\/roveyayinevi.com.tr\/index.php\/wp-json\/wp\/v2\/product\/688707","targetHints":{"allow":["GET"]}}],"collection":[{"href":"https:\/\/roveyayinevi.com.tr\/index.php\/wp-json\/wp\/v2\/product"}],"about":[{"href":"https:\/\/roveyayinevi.com.tr\/index.php\/wp-json\/wp\/v2\/types\/product"}],"wp:attachment":[{"href":"https:\/\/roveyayinevi.com.tr\/index.php\/wp-json\/wp\/v2\/media?parent=688707"}],"wp:term":[{"taxonomy":"product_brand","embeddable":true,"href":"https:\/\/roveyayinevi.com.tr\/index.php\/wp-json\/wp\/v2\/product_brand?post=688707"},{"taxonomy":"product_cat","embeddable":true,"href":"https:\/\/roveyayinevi.com.tr\/index.php\/wp-json\/wp\/v2\/product_cat?post=688707"},{"taxonomy":"product_tag","embeddable":true,"href":"https:\/\/roveyayinevi.com.tr\/index.php\/wp-json\/wp\/v2\/product_tag?post=688707"}],"curies":[{"name":"wp","href":"https:\/\/api.w.org\/{rel}","templated":true}]}}