{"id":688703,"date":"2025-08-27T13:07:23","date_gmt":"2025-08-27T10:07:23","guid":{"rendered":"https:\/\/roveyayinevi.com.tr\/index.php\/urun\/ayiya-bak\/"},"modified":"2026-04-16T01:58:36","modified_gmt":"2026-04-15T22:58:36","slug":"ayiya-bak","status":"publish","type":"product","link":"https:\/\/roveyayinevi.com.tr\/index.php\/urun\/ayiya-bak\/","title":{"rendered":"Ay\u0131ya Bak"},"content":{"rendered":"<p>Ay\u0131ya Bak, ya\u015fad\u0131\u011f\u0131n\u0131z g\u00fcnlerin kitab\u0131. G\u00f6nl\u00fcm\u00fcz, g\u00fcncelli\u011fini en k\u0131sa s\u00fcrede yitirmesini diliyor. Kitaplar\u0131yla milyonlarca okura ula\u015fan, ad\u0131 edebiyat ve sinema \u00f6d\u00fclleriyle an\u0131lan ve \u00fclkemizin en \u00e7ok okunan yazar\u0131 Muzaffer \u0130zg\u00fc, \u00f6yk\u00fcde g\u00fclmeceyi her zaman canl\u0131 tutmay\u0131 ba\u015far\u0131yor. Titiz bir g\u00f6zlem g\u00fcc\u00fcn\u00fcn, ho\u015fg\u00f6r\u00fcy\u00fc elden b\u0131rakmayan bir ele\u015ftiriyle b\u00fct\u00fcnle\u015fti\u011fi; sa\u011fl\u0131kl\u0131 g\u00fclmecenin, somut ger\u00e7e\u011fi a\u015fan s\u0131cak, iyimser ve par\u0131lt\u0131l\u0131 bir sentez bi\u00e7iminde g\u00f6z doldurdu\u011fu yap\u0131tlar\u0131n yazar\u0131 Muzaffer \u0130zg\u00fc\u2019den&#8230; <\/p>\n","protected":false},"excerpt":{"rendered":"<p>Ay\u0131ya Bak, ya\u015fad\u0131\u011f\u0131n\u0131z g\u00fcnlerin kitab\u0131. G\u00f6nl\u00fcm\u00fcz, g\u00fcncelli\u011fini en k\u0131sa s\u00fcrede yitirmesini diliyor. Kitaplar\u0131yla milyonlarca okura ula\u015fan, ad\u0131 edebiyat ve sinema \u00f6d\u00fclleriyle an\u0131lan ve \u00fclkemizin en \u00e7ok<span class=\"excerpt-hellip\"> [\u2026]<\/span><\/p>\n","protected":false},"featured_media":0,"template":"","meta":{"_monsterinsights_skip_tracking":false,"_monsterinsights_sitenote_active":false,"_monsterinsights_sitenote_note":"","_monsterinsights_sitenote_category":0},"product_brand":[],"product_cat":[12477,12364],"product_tag":[],"class_list":{"0":"post-688703","1":"product","2":"type-product","3":"status-publish","5":"product_cat-eglence-mizah","6":"product_cat-genel-konular","7":"pa_tur-kitap","8":"pa_yayinevi-bilgi-yayinevi","9":"pa_yazar-muzaffer-izgu","11":"first","12":"instock","13":"sale","14":"shipping-taxable","15":"purchasable","16":"product-type-simple"},"_links":{"self":[{"href":"https:\/\/roveyayinevi.com.tr\/index.php\/wp-json\/wp\/v2\/product\/688703","targetHints":{"allow":["GET"]}}],"collection":[{"href":"https:\/\/roveyayinevi.com.tr\/index.php\/wp-json\/wp\/v2\/product"}],"about":[{"href":"https:\/\/roveyayinevi.com.tr\/index.php\/wp-json\/wp\/v2\/types\/product"}],"wp:attachment":[{"href":"https:\/\/roveyayinevi.com.tr\/index.php\/wp-json\/wp\/v2\/media?parent=688703"}],"wp:term":[{"taxonomy":"product_brand","embeddable":true,"href":"https:\/\/roveyayinevi.com.tr\/index.php\/wp-json\/wp\/v2\/product_brand?post=688703"},{"taxonomy":"product_cat","embeddable":true,"href":"https:\/\/roveyayinevi.com.tr\/index.php\/wp-json\/wp\/v2\/product_cat?post=688703"},{"taxonomy":"product_tag","embeddable":true,"href":"https:\/\/roveyayinevi.com.tr\/index.php\/wp-json\/wp\/v2\/product_tag?post=688703"}],"curies":[{"name":"wp","href":"https:\/\/api.w.org\/{rel}","templated":true}]}}