{"id":688702,"date":"2025-08-27T13:07:23","date_gmt":"2025-08-27T10:07:23","guid":{"rendered":"https:\/\/roveyayinevi.com.tr\/index.php\/urun\/ayasli-ile-kiracilari\/"},"modified":"2026-04-16T01:58:36","modified_gmt":"2026-04-15T22:58:36","slug":"ayasli-ile-kiracilari","status":"publish","type":"product","link":"https:\/\/roveyayinevi.com.tr\/index.php\/urun\/ayasli-ile-kiracilari\/","title":{"rendered":"Aya\u015fl\u0131 ile Kirac\u0131lar\u0131"},"content":{"rendered":"<p>Memduh \u015eevket Esendal&#8217;\u0131n B\u00fct\u00fcn Eserleri dizisinin ilk kitab\u0131 olan &#8216;Aya\u015fl\u0131 ile Kirac\u0131lar\u0131&#8217;, yazar\u0131n en \u00f6nemli yap\u0131tlar\u0131ndan biridir. 1946&#8217;da CHP Roman \u00d6d\u00fcl\u00fc&#8217;n\u00fc de alan yap\u0131tta, Memduh \u015eevket Esendal cumhuriyetin ilk y\u0131llar\u0131ndaki Ankara&#8217;dan bir kesit sunar. E\u011fitimleri, u\u011fra\u015flar\u0131, d\u00fcnya g\u00f6r\u00fc\u015fleri farkl\u0131 insanlar\u0131n ili\u015fkilerini b\u00fcy\u00fck bir ustal\u0131kla sergiler. Romandaki ki\u015filerde, d\u00f6nemin b\u00fct\u00fcn \u00f6zelliklerini yans\u0131tmaktad\u0131r. Memduh \u015eevket Esendal, bireysel \u00f6\u011felerden bir b\u00fct\u00fcne ula\u015fman\u0131n en g\u00fczel \u00f6rne\u011fini vermektedir&#8230; <\/p>\n","protected":false},"excerpt":{"rendered":"<p>Memduh \u015eevket Esendal&#8217;\u0131n B\u00fct\u00fcn Eserleri dizisinin ilk kitab\u0131 olan &#8216;Aya\u015fl\u0131 ile Kirac\u0131lar\u0131&#8217;, yazar\u0131n en \u00f6nemli yap\u0131tlar\u0131ndan biridir. 1946&#8217;da CHP Roman \u00d6d\u00fcl\u00fc&#8217;n\u00fc de alan yap\u0131tta, Memduh \u015eevket<span class=\"excerpt-hellip\"> [\u2026]<\/span><\/p>\n","protected":false},"featured_media":0,"template":"","meta":{"_monsterinsights_skip_tracking":false,"_monsterinsights_sitenote_active":false,"_monsterinsights_sitenote_note":"","_monsterinsights_sitenote_category":0},"product_brand":[],"product_cat":[12291,12292],"product_tag":[],"class_list":{"0":"post-688702","1":"product","2":"type-product","3":"status-publish","5":"product_cat-edebiyat","6":"product_cat-turk-edebiyati","7":"pa_cilt-ciltsiz","8":"pa_tur-kitap","9":"pa_yayinevi-bilgi-yayinevi","10":"pa_yazar-memduh-sevket-esendal","12":"first","13":"instock","14":"sale","15":"shipping-taxable","16":"purchasable","17":"product-type-simple"},"_links":{"self":[{"href":"https:\/\/roveyayinevi.com.tr\/index.php\/wp-json\/wp\/v2\/product\/688702","targetHints":{"allow":["GET"]}}],"collection":[{"href":"https:\/\/roveyayinevi.com.tr\/index.php\/wp-json\/wp\/v2\/product"}],"about":[{"href":"https:\/\/roveyayinevi.com.tr\/index.php\/wp-json\/wp\/v2\/types\/product"}],"wp:attachment":[{"href":"https:\/\/roveyayinevi.com.tr\/index.php\/wp-json\/wp\/v2\/media?parent=688702"}],"wp:term":[{"taxonomy":"product_brand","embeddable":true,"href":"https:\/\/roveyayinevi.com.tr\/index.php\/wp-json\/wp\/v2\/product_brand?post=688702"},{"taxonomy":"product_cat","embeddable":true,"href":"https:\/\/roveyayinevi.com.tr\/index.php\/wp-json\/wp\/v2\/product_cat?post=688702"},{"taxonomy":"product_tag","embeddable":true,"href":"https:\/\/roveyayinevi.com.tr\/index.php\/wp-json\/wp\/v2\/product_tag?post=688702"}],"curies":[{"name":"wp","href":"https:\/\/api.w.org\/{rel}","templated":true}]}}