{"id":688700,"date":"2025-08-27T13:07:22","date_gmt":"2025-08-27T10:07:22","guid":{"rendered":"https:\/\/roveyayinevi.com.tr\/index.php\/urun\/dikkat-toplama-becerisini-gelistirici-etkinlikler-ilkogretim-1-2-3-sinif\/"},"modified":"2026-04-16T01:58:36","modified_gmt":"2026-04-15T22:58:36","slug":"dikkat-toplama-becerisini-gelistirici-etkinlikler-ilkogretim-1-2-3-sinif","status":"publish","type":"product","link":"https:\/\/roveyayinevi.com.tr\/index.php\/urun\/dikkat-toplama-becerisini-gelistirici-etkinlikler-ilkogretim-1-2-3-sinif\/","title":{"rendered":"Dikkat Toplama Becerisini Geli\u015ftirici Etkinlikler &#8211; \u0130lk\u00f6\u011fretim 1. 2. 3. S\u0131n\u0131f"},"content":{"rendered":"<p>Bu kitapta, ilk\u00f6\u011fretim 1., 2. ve 3. s\u0131n\u0131ftaki \u00f6\u011frencilerin dikkat toplama becerisini geli\u015ftirici etkinlikler; al\u0131\u015ft\u0131rmalar, oyunlar ve gev\u015feme egzersizleri yer almaktad\u0131r. Bu etkinliklere ge\u00e7meden \u00f6nce dikkat, dikkat toplama, dikkat toplama sorunlar\u0131 ile ilgili \u00e7\u0131klay\u0131c\u0131 bilgiler verilmi\u015ftir. Dikkat toplama ile ilgili sorunlar genellikle \u00e7ocuklar ilkokula ba\u015flad\u0131klar\u0131nda fark edilir. \u00c7\u00fcnk\u00fc okul ya\u015fam\u0131ndaki g\u00f6revler, \u00e7ocuklar\u0131n, bir konu \u00fczerinde belli bir s\u00fcre dikkatini toplayarak \u00e7al\u0131\u015fmas\u0131n\u0131 gerektirir. Bu nedenle dikkatini toplayamama, \u00e7ocuklar, \u00f6\u011fretmenler ve anne babalar a\u00e7\u0131s\u0131ndan, \u00f6zellikle okul y\u0131llar\u0131nda \u00f6nemli bir sorun olarak kar\u015f\u0131m\u0131za \u00e7\u0131kmaktad\u0131r.Bu kitapta yer alan etkinliklerin, \u00e7ocuklar\u0131n var olan dikkat toplama potansiyellerini geli\u015ftirebilece\u011fi, ayn\u0131 zamanda dikkat toplama sorunu ya\u015fayan \u00e7ocuklar\u0131n bu sorunla ba\u015f etmelerinde etkili olabilece\u011fi d\u00fc\u015f\u00fcn\u00fclmektedir. <\/p>\n","protected":false},"excerpt":{"rendered":"<p>Bu kitapta, ilk\u00f6\u011fretim 1., 2. ve 3. s\u0131n\u0131ftaki \u00f6\u011frencilerin dikkat toplama becerisini geli\u015ftirici etkinlikler; al\u0131\u015ft\u0131rmalar, oyunlar ve gev\u015feme egzersizleri yer almaktad\u0131r. Bu etkinliklere ge\u00e7meden \u00f6nce dikkat,<span class=\"excerpt-hellip\"> [\u2026]<\/span><\/p>\n","protected":false},"featured_media":0,"template":"","meta":{"_monsterinsights_skip_tracking":false,"_monsterinsights_sitenote_active":false,"_monsterinsights_sitenote_note":"","_monsterinsights_sitenote_category":0},"product_brand":[],"product_cat":[12573,12566],"product_tag":[],"class_list":{"0":"post-688700","1":"product","2":"type-product","3":"status-publish","5":"product_cat-akademik-kitaplar","6":"product_cat-egitim","7":"pa_cilt-ciltsiz","8":"pa_tur-kitap","9":"pa_yayinevi-ani-yayincilik","10":"pa_yazar-suna-kaymak-ozmen","12":"first","13":"instock","14":"sale","15":"shipping-taxable","16":"purchasable","17":"product-type-simple"},"_links":{"self":[{"href":"https:\/\/roveyayinevi.com.tr\/index.php\/wp-json\/wp\/v2\/product\/688700","targetHints":{"allow":["GET"]}}],"collection":[{"href":"https:\/\/roveyayinevi.com.tr\/index.php\/wp-json\/wp\/v2\/product"}],"about":[{"href":"https:\/\/roveyayinevi.com.tr\/index.php\/wp-json\/wp\/v2\/types\/product"}],"wp:attachment":[{"href":"https:\/\/roveyayinevi.com.tr\/index.php\/wp-json\/wp\/v2\/media?parent=688700"}],"wp:term":[{"taxonomy":"product_brand","embeddable":true,"href":"https:\/\/roveyayinevi.com.tr\/index.php\/wp-json\/wp\/v2\/product_brand?post=688700"},{"taxonomy":"product_cat","embeddable":true,"href":"https:\/\/roveyayinevi.com.tr\/index.php\/wp-json\/wp\/v2\/product_cat?post=688700"},{"taxonomy":"product_tag","embeddable":true,"href":"https:\/\/roveyayinevi.com.tr\/index.php\/wp-json\/wp\/v2\/product_tag?post=688700"}],"curies":[{"name":"wp","href":"https:\/\/api.w.org\/{rel}","templated":true}]}}