{"id":688694,"date":"2025-08-27T13:07:21","date_gmt":"2025-08-27T10:07:21","guid":{"rendered":"https:\/\/roveyayinevi.com.tr\/index.php\/urun\/cikartmali-prensesler-kitabim\/"},"modified":"2026-04-16T01:58:36","modified_gmt":"2026-04-15T22:58:36","slug":"cikartmali-prensesler-kitabim","status":"publish","type":"product","link":"https:\/\/roveyayinevi.com.tr\/index.php\/urun\/cikartmali-prensesler-kitabim\/","title":{"rendered":"\u00c7\u0131kartmal\u0131 Prensesler Kitab\u0131m"},"content":{"rendered":"<p>K\u0131z \u00e7ocuklar\u0131 i\u00e7in \u00f6zel olarak haz\u0131rlanm\u0131\u015f bu m\u00fckemmel kitapta i\u00e7inizdeki prensesin ortaya \u00e7\u0131kmas\u0131na yard\u0131mc\u0131 olacak bir\u00e7ok fikir bulacaks\u0131n\u0131z. Kendi par\u0131lt\u0131 \u015fapkan\u0131z\u0131, s\u00fcsl\u00fc \u00e7antan\u0131z\u0131, kraliyet arman\u0131z\u0131 ve simli tac\u0131n\u0131z\u0131 yapmak i\u00e7in komutlar\u0131 ad\u0131m ad\u0131m uygulay\u0131n. Ayr\u0131ca par\u0131lt\u0131l\u0131, kalpli bir avize, \u0131\u015f\u0131lt\u0131l\u0131 \u00e7er\u00e7eveler ve daha bir\u00e7ok s\u00fcslemeyle odan\u0131z\u0131 bir kraliyet saray\u0131na \u00e7evirebilirsiniz. Kitab\u0131n i\u00e7inde butun bu etkinliklerde kullanabilece\u011finiz 100&#8217;den fazla parlak \u00e7\u0131kartma da bulunuyor. UYARI: \u00c7\u0131kartmalar\u0131n boyutlar\u0131 sebebiyle 36 aydan k\u00fc\u00e7\u00fck \u00e7ocuklar i\u00e7in uygun de\u011fildir.<\/p>\n","protected":false},"excerpt":{"rendered":"<p>K\u0131z \u00e7ocuklar\u0131 i\u00e7in \u00f6zel olarak haz\u0131rlanm\u0131\u015f bu m\u00fckemmel kitapta i\u00e7inizdeki prensesin ortaya \u00e7\u0131kmas\u0131na yard\u0131mc\u0131 olacak bir\u00e7ok fikir bulacaks\u0131n\u0131z. Kendi par\u0131lt\u0131 \u015fapkan\u0131z\u0131, s\u00fcsl\u00fc \u00e7antan\u0131z\u0131, kraliyet arman\u0131z\u0131 ve<span class=\"excerpt-hellip\"> [\u2026]<\/span><\/p>\n","protected":false},"featured_media":0,"template":"","meta":{"_monsterinsights_skip_tracking":false,"_monsterinsights_sitenote_active":false,"_monsterinsights_sitenote_note":"","_monsterinsights_sitenote_category":0},"product_brand":[],"product_cat":[12554,12274],"product_tag":[],"class_list":{"0":"post-688694","1":"product","2":"type-product","3":"status-publish","5":"product_cat-cikartmali-kitaplar","6":"product_cat-cocuk-ve-genclik-kitaplari","7":"pa_cilt-ciltsiz","8":"pa_tur-kitap","9":"pa_yayinevi-1001-cicek-kitaplar","10":"pa_yazar-ruth-brocklehurst","12":"first","13":"instock","14":"sale","15":"shipping-taxable","16":"purchasable","17":"product-type-simple"},"_links":{"self":[{"href":"https:\/\/roveyayinevi.com.tr\/index.php\/wp-json\/wp\/v2\/product\/688694","targetHints":{"allow":["GET"]}}],"collection":[{"href":"https:\/\/roveyayinevi.com.tr\/index.php\/wp-json\/wp\/v2\/product"}],"about":[{"href":"https:\/\/roveyayinevi.com.tr\/index.php\/wp-json\/wp\/v2\/types\/product"}],"wp:attachment":[{"href":"https:\/\/roveyayinevi.com.tr\/index.php\/wp-json\/wp\/v2\/media?parent=688694"}],"wp:term":[{"taxonomy":"product_brand","embeddable":true,"href":"https:\/\/roveyayinevi.com.tr\/index.php\/wp-json\/wp\/v2\/product_brand?post=688694"},{"taxonomy":"product_cat","embeddable":true,"href":"https:\/\/roveyayinevi.com.tr\/index.php\/wp-json\/wp\/v2\/product_cat?post=688694"},{"taxonomy":"product_tag","embeddable":true,"href":"https:\/\/roveyayinevi.com.tr\/index.php\/wp-json\/wp\/v2\/product_tag?post=688694"}],"curies":[{"name":"wp","href":"https:\/\/api.w.org\/{rel}","templated":true}]}}