{"id":688690,"date":"2025-08-27T13:07:21","date_gmt":"2025-08-27T10:07:21","guid":{"rendered":"https:\/\/roveyayinevi.com.tr\/index.php\/urun\/dolunay-dedektifleri-korkunc-satranc\/"},"modified":"2026-04-16T01:58:36","modified_gmt":"2026-04-15T22:58:36","slug":"dolunay-dedektifleri-korkunc-satranc","status":"publish","type":"product","link":"https:\/\/roveyayinevi.com.tr\/index.php\/urun\/dolunay-dedektifleri-korkunc-satranc\/","title":{"rendered":"Dolunay Dedektifleri  &#8211; Korkun\u00e7 Satran\u00e7"},"content":{"rendered":"<p>O gece dolunay vard\u0131; etraf al\u0131\u015f\u0131lm\u0131\u015f olandan \u00e7ok daha sessizdi. Dolunay sanki yery\u00fcz\u00fcndeki her \u015feyi susturmu\u015f, onun \u0131\u015f\u0131\u011f\u0131yla y\u0131kanman\u0131n d\u0131\u015f\u0131nda bir \u015fey d\u00fc\u015f\u00fcnen kalmam\u0131\u015ft\u0131. Milyarlarca y\u0131l \u00f6ncesinden miras kalan o dolunay gecesi yeniden ayd\u0131nlat\u0131yordu gizemi&#8230; Zek\u00e2m\u0131z\u0131 ve ipu\u00e7lar\u0131n\u0131 kullanman\u0131n zaman\u0131 geldi! dedi Dolunay Dedektifleri&#8230; \ufffc<\/p>\n","protected":false},"excerpt":{"rendered":"<p>O gece dolunay vard\u0131; etraf al\u0131\u015f\u0131lm\u0131\u015f olandan \u00e7ok daha sessizdi. Dolunay sanki yery\u00fcz\u00fcndeki her \u015feyi susturmu\u015f, onun \u0131\u015f\u0131\u011f\u0131yla y\u0131kanman\u0131n d\u0131\u015f\u0131nda bir \u015fey d\u00fc\u015f\u00fcnen kalmam\u0131\u015ft\u0131. Milyarlarca y\u0131l<span class=\"excerpt-hellip\"> [\u2026]<\/span><\/p>\n","protected":false},"featured_media":0,"template":"","meta":{"_monsterinsights_skip_tracking":false,"_monsterinsights_sitenote_active":false,"_monsterinsights_sitenote_note":"","_monsterinsights_sitenote_category":0},"product_brand":[],"product_cat":[12274,12284],"product_tag":[],"class_list":{"0":"post-688690","1":"product","2":"type-product","3":"status-publish","5":"product_cat-cocuk-ve-genclik-kitaplari","6":"product_cat-hikayeler","7":"pa_cilt-ciltsiz","8":"pa_tur-kitap","9":"pa_yayinevi-bilgi-yayinevi-cocuk","10":"pa_yazar-mavisel-yener","12":"first","13":"instock","14":"sale","15":"shipping-taxable","16":"purchasable","17":"product-type-simple"},"_links":{"self":[{"href":"https:\/\/roveyayinevi.com.tr\/index.php\/wp-json\/wp\/v2\/product\/688690","targetHints":{"allow":["GET"]}}],"collection":[{"href":"https:\/\/roveyayinevi.com.tr\/index.php\/wp-json\/wp\/v2\/product"}],"about":[{"href":"https:\/\/roveyayinevi.com.tr\/index.php\/wp-json\/wp\/v2\/types\/product"}],"wp:attachment":[{"href":"https:\/\/roveyayinevi.com.tr\/index.php\/wp-json\/wp\/v2\/media?parent=688690"}],"wp:term":[{"taxonomy":"product_brand","embeddable":true,"href":"https:\/\/roveyayinevi.com.tr\/index.php\/wp-json\/wp\/v2\/product_brand?post=688690"},{"taxonomy":"product_cat","embeddable":true,"href":"https:\/\/roveyayinevi.com.tr\/index.php\/wp-json\/wp\/v2\/product_cat?post=688690"},{"taxonomy":"product_tag","embeddable":true,"href":"https:\/\/roveyayinevi.com.tr\/index.php\/wp-json\/wp\/v2\/product_tag?post=688690"}],"curies":[{"name":"wp","href":"https:\/\/api.w.org\/{rel}","templated":true}]}}