{"id":688673,"date":"2025-08-27T13:07:18","date_gmt":"2025-08-27T10:07:18","guid":{"rendered":"https:\/\/roveyayinevi.com.tr\/index.php\/urun\/dolunay-dedektifleri-iz-pesinde\/"},"modified":"2026-04-16T01:58:35","modified_gmt":"2026-04-15T22:58:35","slug":"dolunay-dedektifleri-iz-pesinde","status":"publish","type":"product","link":"https:\/\/roveyayinevi.com.tr\/index.php\/urun\/dolunay-dedektifleri-iz-pesinde\/","title":{"rendered":"Dolunay Dedektifleri &#8211; \u0130z Pe\u015finde"},"content":{"rendered":"<p>Yepyeni bir dizi&#8230;Dizinin ilk kitab\u0131. Heyecan, ser\u00fcven, \u015fa\u015f\u0131rt\u0131c\u0131 ayr\u0131nt\u0131lar&#8230;  5 iyi arkada\u015f. Birce, Ece, O\u011fuz, Bilgecan ve Ada&#8230; Ak\u0131ll\u0131, \u00f6nsezili, cin gibi \u00e7ocuklar. Hayal g\u00fc\u00e7leriyle g\u00f6zlem g\u00fc\u00e7leri birle\u015fince, \u00e7o\u011fumuza &#8220;yok can\u0131m&#8221; dedirtecek ipu\u00e7lar\u0131ndan yola \u00e7\u0131k\u0131p \u00f6yle k\u00f6rd\u00fc\u011f\u00fcmler \u00e7\u00f6z\u00fcyorlar ki bu grubun i\u00e7inde olup o ser\u00fcvenleri ya\u015famad\u0131\u011f\u0131n\u0131za hay\u0131flan\u0131yorsunuz. \ufffc<\/p>\n","protected":false},"excerpt":{"rendered":"<p>Yepyeni bir dizi&#8230;Dizinin ilk kitab\u0131. Heyecan, ser\u00fcven, \u015fa\u015f\u0131rt\u0131c\u0131 ayr\u0131nt\u0131lar&#8230; 5 iyi arkada\u015f. Birce, Ece, O\u011fuz, Bilgecan ve Ada&#8230; Ak\u0131ll\u0131, \u00f6nsezili, cin gibi \u00e7ocuklar. Hayal g\u00fc\u00e7leriyle g\u00f6zlem<span class=\"excerpt-hellip\"> [\u2026]<\/span><\/p>\n","protected":false},"featured_media":0,"template":"","meta":{"_monsterinsights_skip_tracking":false,"_monsterinsights_sitenote_active":false,"_monsterinsights_sitenote_note":"","_monsterinsights_sitenote_category":0},"product_brand":[],"product_cat":[12274,12284],"product_tag":[],"class_list":{"0":"post-688673","1":"product","2":"type-product","3":"status-publish","5":"product_cat-cocuk-ve-genclik-kitaplari","6":"product_cat-hikayeler","7":"pa_cilt-ciltsiz","8":"pa_tur-kitap","9":"pa_yayinevi-bilgi-yayinevi-cocuk","10":"pa_yazar-mavisel-yener","12":"first","13":"instock","14":"sale","15":"shipping-taxable","16":"purchasable","17":"product-type-simple"},"_links":{"self":[{"href":"https:\/\/roveyayinevi.com.tr\/index.php\/wp-json\/wp\/v2\/product\/688673","targetHints":{"allow":["GET"]}}],"collection":[{"href":"https:\/\/roveyayinevi.com.tr\/index.php\/wp-json\/wp\/v2\/product"}],"about":[{"href":"https:\/\/roveyayinevi.com.tr\/index.php\/wp-json\/wp\/v2\/types\/product"}],"wp:attachment":[{"href":"https:\/\/roveyayinevi.com.tr\/index.php\/wp-json\/wp\/v2\/media?parent=688673"}],"wp:term":[{"taxonomy":"product_brand","embeddable":true,"href":"https:\/\/roveyayinevi.com.tr\/index.php\/wp-json\/wp\/v2\/product_brand?post=688673"},{"taxonomy":"product_cat","embeddable":true,"href":"https:\/\/roveyayinevi.com.tr\/index.php\/wp-json\/wp\/v2\/product_cat?post=688673"},{"taxonomy":"product_tag","embeddable":true,"href":"https:\/\/roveyayinevi.com.tr\/index.php\/wp-json\/wp\/v2\/product_tag?post=688673"}],"curies":[{"name":"wp","href":"https:\/\/api.w.org\/{rel}","templated":true}]}}