{"id":688669,"date":"2025-08-27T13:07:17","date_gmt":"2025-08-27T10:07:17","guid":{"rendered":"https:\/\/roveyayinevi.com.tr\/index.php\/urun\/degirmenimden-mektuplar\/"},"modified":"2026-04-16T01:58:35","modified_gmt":"2026-04-15T22:58:35","slug":"degirmenimden-mektuplar","status":"publish","type":"product","link":"https:\/\/roveyayinevi.com.tr\/index.php\/urun\/degirmenimden-mektuplar\/","title":{"rendered":"De\u011firmenimden Mektuplar"},"content":{"rendered":"<p>Ye\u015fillikler aras\u0131nda bir tepede eski bir yel de\u011firmeni&#8230; \u0130\u00e7eride tav\u015fanlar dolan\u0131yor; \u00e7at\u0131da konaklayan bir bayku\u015f var. Y\u0131llard\u0131r kullan\u0131lmayan bu de\u011firmenin bir k\u00f6\u015fesini kendisine \u00e7al\u0131\u015fma odas\u0131 olarak se\u00e7en Daudet, kent ya\u015fam\u0131ndan uzakta; ku\u015flar\u0131n c\u0131v\u0131lt\u0131lar\u0131, koyunlar\u0131n \u00e7\u0131ng\u0131raklar\u0131n\u0131n sesleri aras\u0131nda, \u00e7evresinden dinledi\u011fi ve akl\u0131nda kalan \u00f6yk\u00fcleri k\u00e2\u011f\u0131da d\u00f6k\u00fcyor.Kimi zaman e\u011flenceli kimi zaman d\u00fc\u015f\u00fcnd\u00fcr\u00fcc\u00fc bu \u00f6yk\u00fcler, De\u011firmenimden Mektuplar ad\u0131yla 1869 y\u0131l\u0131nda yay\u0131mland\u0131\u011f\u0131nda, Frans\u0131z yazar Alphonse Daudet&#8217;ye (1840-1897) b\u00fcy\u00fck \u00fcn kazand\u0131rm\u0131\u015ft\u0131. O g\u00fcnden bu yana zevkle okunan De\u011firmenimden Mektuplar, Milli E\u011fitim Bakanl\u0131\u011f\u0131 taraf\u0131ndan belirlenen &#8220;\u0130lk\u00f6\u011fretim Okullar\u0131 \u0130\u00e7in 100 Temel Eser&#8221; aras\u0131nda yer almaktad\u0131r.<\/p>\n","protected":false},"excerpt":{"rendered":"<p>Ye\u015fillikler aras\u0131nda bir tepede eski bir yel de\u011firmeni&#8230; \u0130\u00e7eride tav\u015fanlar dolan\u0131yor; \u00e7at\u0131da konaklayan bir bayku\u015f var. Y\u0131llard\u0131r kullan\u0131lmayan bu de\u011firmenin bir k\u00f6\u015fesini kendisine \u00e7al\u0131\u015fma odas\u0131 olarak<span class=\"excerpt-hellip\"> [\u2026]<\/span><\/p>\n","protected":false},"featured_media":0,"template":"","meta":{"_monsterinsights_skip_tracking":false,"_monsterinsights_sitenote_active":false,"_monsterinsights_sitenote_note":"","_monsterinsights_sitenote_category":0},"product_brand":[],"product_cat":[12274,12467],"product_tag":[],"class_list":{"0":"post-688669","1":"product","2":"type-product","3":"status-publish","5":"product_cat-cocuk-ve-genclik-kitaplari","6":"product_cat-dunya-klasikleri","7":"pa_cilt-ciltsiz","8":"pa_tur-kitap","9":"pa_yayinevi-arkadas-yayinlari","10":"pa_yazar-alphonse-daudet","12":"first","13":"instock","14":"sale","15":"shipping-taxable","16":"purchasable","17":"product-type-simple"},"_links":{"self":[{"href":"https:\/\/roveyayinevi.com.tr\/index.php\/wp-json\/wp\/v2\/product\/688669","targetHints":{"allow":["GET"]}}],"collection":[{"href":"https:\/\/roveyayinevi.com.tr\/index.php\/wp-json\/wp\/v2\/product"}],"about":[{"href":"https:\/\/roveyayinevi.com.tr\/index.php\/wp-json\/wp\/v2\/types\/product"}],"wp:attachment":[{"href":"https:\/\/roveyayinevi.com.tr\/index.php\/wp-json\/wp\/v2\/media?parent=688669"}],"wp:term":[{"taxonomy":"product_brand","embeddable":true,"href":"https:\/\/roveyayinevi.com.tr\/index.php\/wp-json\/wp\/v2\/product_brand?post=688669"},{"taxonomy":"product_cat","embeddable":true,"href":"https:\/\/roveyayinevi.com.tr\/index.php\/wp-json\/wp\/v2\/product_cat?post=688669"},{"taxonomy":"product_tag","embeddable":true,"href":"https:\/\/roveyayinevi.com.tr\/index.php\/wp-json\/wp\/v2\/product_tag?post=688669"}],"curies":[{"name":"wp","href":"https:\/\/api.w.org\/{rel}","templated":true}]}}