{"id":688657,"date":"2025-08-27T13:07:15","date_gmt":"2025-08-27T10:07:15","guid":{"rendered":"https:\/\/roveyayinevi.com.tr\/index.php\/urun\/dunya-tarihinde-bilim-ve-teknoloji\/"},"modified":"2026-04-16T01:58:35","modified_gmt":"2026-04-15T22:58:35","slug":"dunya-tarihinde-bilim-ve-teknoloji","status":"publish","type":"product","link":"https:\/\/roveyayinevi.com.tr\/index.php\/urun\/dunya-tarihinde-bilim-ve-teknoloji\/","title":{"rendered":"D\u00fcnya Tarihinde Bilim ve Teknoloji"},"content":{"rendered":"<p>G\u00fcn\u00fcm\u00fcz\u00fcn end\u00fcstriyel modern d\u00fcnyas\u0131nda, bilim ve teknoloji aras\u0131ndaki tart\u0131\u015fmas\u0131z ba\u011f a\u00e7\u0131k\u00e7a g\u00f6r\u00fclmektedir. James E. McClellan III ve Harold Dorn\u2019un bu kitaptaki bak\u0131\u015f a\u00e7\u0131lar\u0131 gibi tarihsel olarak bak\u0131ld\u0131\u011f\u0131ndaysa, bu ba\u011f\u0131n o kadar da a\u00e7\u0131k olmad\u0131\u011f\u0131 g\u00f6r\u00fcl\u00fcr. End\u00fcstrinin ve h\u00fck\u00fcmetlerin, yeni ya da geli\u015fmi\u015f teknolojilere \u00f6nc\u00fcl\u00fck edecek bilimsel ara\u015ft\u0131rmalara finansman deste\u011fi vermeye ba\u015flamas\u0131yla, teknoloji uygulamal\u0131 bilim olarak yak\u0131n zamanlarda ortaya \u00e7\u0131km\u0131\u015ft\u0131r. D\u00fcnya Tarihinde Bilim ve Teknoloji\u2019de McClellan ve Dorn, de\u011fi\u015fen bu ili\u015fkiyi, tarih \u00f6ncesindeki d\u00fc\u015f\u00fcnen, ara\u00e7 gere\u00e7 yapmaya ba\u015flayan ilk insanlardan bug\u00fcne, tarihi verileri inceleyerek anlatm\u0131\u015flard\u0131r. Bilim, hi\u00e7 ku\u015fkusuz, insanlar i\u00e7in ger\u00e7ek yararlar sa\u011flam\u0131\u015ft\u0131r. Ancak, g\u00fcn\u00fcm\u00fcz\u00fcn k\u00fclt\u00fcrel e\u011filimlerine daha az ba\u011f\u0131ml\u0131 ve daha g\u00fcvenli bir bilim anlay\u0131\u015f\u0131, bilime tarihsel bir mercekten bak\u0131larak elde edilebilir. B\u00f6yle yap\u0131ld\u0131\u011f\u0131nda, g\u00f6rkemli kazan\u0131mlar\u0131yla ama ayn\u0131 zamanda da yan\u0131lg\u0131lar\u0131 ve bazen de d\u00fcnya g\u00f6r\u00fc\u015f\u00fcm\u00fcze uymayan se\u00e7kin duru\u015fuyla bilim, k\u00fclt\u00fcre ba\u011f\u0131ml\u0131 bir kavram olmak yerine, \u00e7okboyutlu bir ger\u00e7ekli\u011fe d\u00f6n\u00fc\u015f\u00fcr. James E. McClellan III, Stevens Teknoloji Enstit\u00fcs\u00fcnde Bilim Tarihi profes\u00f6r\u00fc, Harold Dorn da ayn\u0131 enstit\u00fcde Bilim ve Teknoloji Tarihi profes\u00f6r\u00fcd\u00fcr. D\u00fcnya Tarihinde Bilim ve Teknoloji, 2000 y\u0131l\u0131nda World History Association \u00f6d\u00fcl\u00fcn\u00fc alm\u0131\u015ft\u0131r. \ufffcTan\u0131t\u0131m Metni<\/p>\n","protected":false},"excerpt":{"rendered":"<p>G\u00fcn\u00fcm\u00fcz\u00fcn end\u00fcstriyel modern d\u00fcnyas\u0131nda, bilim ve teknoloji aras\u0131ndaki tart\u0131\u015fmas\u0131z ba\u011f a\u00e7\u0131k\u00e7a g\u00f6r\u00fclmektedir. James E. McClellan III ve Harold Dorn\u2019un bu kitaptaki bak\u0131\u015f a\u00e7\u0131lar\u0131 gibi tarihsel olarak<span class=\"excerpt-hellip\"> [\u2026]<\/span><\/p>\n","protected":false},"featured_media":0,"template":"","meta":{"_monsterinsights_skip_tracking":false,"_monsterinsights_sitenote_active":false,"_monsterinsights_sitenote_note":"","_monsterinsights_sitenote_category":0},"product_brand":[],"product_cat":[13005,15998],"product_tag":[],"class_list":{"0":"post-688657","1":"product","2":"type-product","3":"status-publish","5":"product_cat-bilim-muhendislik","6":"product_cat-bilim-tarihi","7":"pa_cilt-ciltsiz","8":"pa_tur-kitap","9":"pa_yayinevi-akil-celen-kitaplar","10":"pa_yazar-harold-dorn","12":"first","13":"instock","14":"sale","15":"shipping-taxable","16":"purchasable","17":"product-type-simple"},"_links":{"self":[{"href":"https:\/\/roveyayinevi.com.tr\/index.php\/wp-json\/wp\/v2\/product\/688657","targetHints":{"allow":["GET"]}}],"collection":[{"href":"https:\/\/roveyayinevi.com.tr\/index.php\/wp-json\/wp\/v2\/product"}],"about":[{"href":"https:\/\/roveyayinevi.com.tr\/index.php\/wp-json\/wp\/v2\/types\/product"}],"wp:attachment":[{"href":"https:\/\/roveyayinevi.com.tr\/index.php\/wp-json\/wp\/v2\/media?parent=688657"}],"wp:term":[{"taxonomy":"product_brand","embeddable":true,"href":"https:\/\/roveyayinevi.com.tr\/index.php\/wp-json\/wp\/v2\/product_brand?post=688657"},{"taxonomy":"product_cat","embeddable":true,"href":"https:\/\/roveyayinevi.com.tr\/index.php\/wp-json\/wp\/v2\/product_cat?post=688657"},{"taxonomy":"product_tag","embeddable":true,"href":"https:\/\/roveyayinevi.com.tr\/index.php\/wp-json\/wp\/v2\/product_tag?post=688657"}],"curies":[{"name":"wp","href":"https:\/\/api.w.org\/{rel}","templated":true}]}}