{"id":688656,"date":"2025-08-27T13:07:15","date_gmt":"2025-08-27T10:07:15","guid":{"rendered":"https:\/\/roveyayinevi.com.tr\/index.php\/urun\/death-note-olum-defteri-7\/"},"modified":"2026-04-16T01:58:35","modified_gmt":"2026-04-15T22:58:35","slug":"death-note-olum-defteri-7","status":"publish","type":"product","link":"https:\/\/roveyayinevi.com.tr\/index.php\/urun\/death-note-olum-defteri-7\/","title":{"rendered":"Death Note &#8211; \u00d6l\u00fcm Defteri 7"},"content":{"rendered":"<p>Japon \u00e7izgi romanlar\u0131na verilen isim olan Manga, d\u00fcnyada bir \u00e7\u0131lg\u0131nl\u0131k halini alm\u0131\u015ft\u0131r. Death Note (\u00d6l\u00fcm Defteri) yay\u0131nlad\u0131\u011f\u0131 b\u00fct\u00fcn \u00fclkelerde sat\u0131\u015f rekorlar\u0131 k\u0131ran ve geni\u015f bir hayran kitlesine sahip en \u00f6nemli manga serilerinden biridir.Bu deftere ad\u0131 yaz\u0131lanlar \u00f6l\u00fcr&#8230; \u00d6l\u00fcm Tanr\u0131s\u0131 \u015einigami Ryuk\u2019un insano\u011flu d\u00fcnyas\u0131na d\u00fc\u015f\u00fcrd\u00fc\u011f\u00fc defter: Death Note (\u00d6l\u00fcm Defteri). Bu do\u011fa\u00fcst\u00fc defteri bulan ve d\u00fcnyadaki cani su\u00e7lular\u0131 ortadan kald\u0131rmak i\u00e7in kullanmaya karar veren Light Yagami (nam-\u0131 di\u011fer Kira) ile kimsenin \u00e7\u00f6zemedi\u011fi olaylarda polise yard\u0131m eden L adl\u0131 gizemli detektif aras\u0131ndaki muhte\u015fem m\u00fccadele b\u00f6yle ba\u015flar.H\u0131zl\u0131 ve zorlu bir kovalamacan\u0131n ard\u0131ndan L ve Light, Yotsuba \u015firketindeki yeni Kira Higu\u00e7i\u2019yi yakalarlar. L, ondan Kira\u2019n\u0131n insanlar\u0131 nas\u0131l \u00f6ld\u00fcrd\u00fc\u011f\u00fcn\u00fcn ayr\u0131nt\u0131lar\u0131n\u0131 \u00f6\u011frenmeye \u00e7al\u0131\u015f\u0131r. Peki, Light defterine ve Death Note ile ilgili haf\u0131zas\u0131na kavu\u015fabilecek mi? Dahas\u0131 Light\u2019\u0131n tutuklanmadan \u00f6nce dikkatlice tasarlad\u0131\u011f\u0131 plan ger\u00e7ekle\u015fecek mi? \u015eok edici geli\u015fmeler kap\u0131da&#8230;Sayg\u0131lar\u0131m\u0131zla,<\/p>\n","protected":false},"excerpt":{"rendered":"<p>Japon \u00e7izgi romanlar\u0131na verilen isim olan Manga, d\u00fcnyada bir \u00e7\u0131lg\u0131nl\u0131k halini alm\u0131\u015ft\u0131r. Death Note (\u00d6l\u00fcm Defteri) yay\u0131nlad\u0131\u011f\u0131 b\u00fct\u00fcn \u00fclkelerde sat\u0131\u015f rekorlar\u0131 k\u0131ran ve geni\u015f bir hayran<span class=\"excerpt-hellip\"> [\u2026]<\/span><\/p>\n","protected":false},"featured_media":0,"template":"","meta":{"_monsterinsights_skip_tracking":false,"_monsterinsights_sitenote_active":false,"_monsterinsights_sitenote_note":"","_monsterinsights_sitenote_category":0},"product_brand":[],"product_cat":[12416,12291],"product_tag":[],"class_list":{"0":"post-688656","1":"product","2":"type-product","3":"status-publish","5":"product_cat-cizgi-roman","6":"product_cat-edebiyat","7":"pa_cilt-ciltsiz","8":"pa_tur-kitap","9":"pa_yayinevi-akil-celen-kitaplar","10":"pa_yazar-tsugumi-ooba","12":"first","13":"instock","14":"sale","15":"shipping-taxable","16":"purchasable","17":"product-type-simple"},"_links":{"self":[{"href":"https:\/\/roveyayinevi.com.tr\/index.php\/wp-json\/wp\/v2\/product\/688656","targetHints":{"allow":["GET"]}}],"collection":[{"href":"https:\/\/roveyayinevi.com.tr\/index.php\/wp-json\/wp\/v2\/product"}],"about":[{"href":"https:\/\/roveyayinevi.com.tr\/index.php\/wp-json\/wp\/v2\/types\/product"}],"wp:attachment":[{"href":"https:\/\/roveyayinevi.com.tr\/index.php\/wp-json\/wp\/v2\/media?parent=688656"}],"wp:term":[{"taxonomy":"product_brand","embeddable":true,"href":"https:\/\/roveyayinevi.com.tr\/index.php\/wp-json\/wp\/v2\/product_brand?post=688656"},{"taxonomy":"product_cat","embeddable":true,"href":"https:\/\/roveyayinevi.com.tr\/index.php\/wp-json\/wp\/v2\/product_cat?post=688656"},{"taxonomy":"product_tag","embeddable":true,"href":"https:\/\/roveyayinevi.com.tr\/index.php\/wp-json\/wp\/v2\/product_tag?post=688656"}],"curies":[{"name":"wp","href":"https:\/\/api.w.org\/{rel}","templated":true}]}}