{"id":688651,"date":"2025-08-27T13:07:14","date_gmt":"2025-08-27T10:07:14","guid":{"rendered":"https:\/\/roveyayinevi.com.tr\/index.php\/urun\/milliyetcilik-kuramlari\/"},"modified":"2026-02-25T12:43:11","modified_gmt":"2026-02-25T09:43:11","slug":"milliyetcilik-kuramlari","status":"publish","type":"product","link":"https:\/\/roveyayinevi.com.tr\/index.php\/urun\/milliyetcilik-kuramlari\/","title":{"rendered":"Milliyet\u00e7ilik Kuramlar\u0131"},"content":{"rendered":"<p>Milliyet\u00e7ilik ile ilgili uluslararas\u0131 alanda yap\u0131lan tart\u0131\u015fmalar\u0131n dikkate ald\u0131\u011f\u0131 ve dipnot d\u00fc\u015ft\u00fc\u011f\u00fc bu kitap, daha \u015fimdiden kendi sahas\u0131nda ciddi bir a\u00e7\u0131l\u0131m sa\u011flam\u0131\u015f durumda. Umut \u00d6zk\u0131r\u0131ml\u0131, \u00e7oktand\u0131r t\u0131kanm\u0131\u015f olan bir tart\u0131\u015fman\u0131n \u00f6tesine ge\u00e7meyi ba\u015far\u0131yor. Lehte veya aleyhte bir kavram tekeli yaratmaks\u0131z\u0131n, \u00f6ncelikli olarak bu sahan\u0131n karma\u015f\u0131k dilini ayr\u0131nt\u0131l\u0131 ve sistematik bir \u015fekilde \u00e7\u00f6z\u00fcml\u00fcyor. \u015eimdiye kadar milliyet\u00e7ilik ile ilgili birikmi\u015f zengin literat\u00fcr\u00fc klasik ve modern yakla\u015f\u0131mlar\u0131yla birlikte okuyucuya sunuyor. Bu alan\u0131n do\u011fum tarihini \u00f6nceleyen romantik d\u00fc\u015f\u00fcn\u00fcrlerin yan\u0131nda Hobsbawm, Kedourie, Smith, Gellner gibi \u00e7a\u011fda\u015f belli ba\u015fl\u0131 kuramc\u0131lar\u0131n g\u00f6r\u00fc\u015flerine yer veriyor. Bug\u00fcn, d\u00fcnyadaki bir\u00e7ok b\u00f6lgenin y\u00fcz y\u00fcze oldu\u011fu etnisite ve kimlik ile ilgili sorunlar bu literat\u00fcr\u00fcn s\u0131n\u0131rlar\u0131na dahil. Tarihin h\u0131z kazand\u0131\u011f\u0131 ve haritalar\u0131n yer de\u011fi\u015ftirdi\u011fi devirler i\u00e7inde \u00e7ok ayr\u0131 milliyet\u00e7ilik \u00f6rneklerine rastlamak m\u00fcmk\u00fcn. Halk\u0131n, se\u00e7kin s\u0131n\u0131flar\u0131n, entelekt\u00fcellerin ve ideolojilerin yaratt\u0131klar\u0131 birbirinden farkl\u0131 milliyet\u00e7ililikler var. D\u00f6nemler aras\u0131nda milliyet\u00e7ili\u011fin nas\u0131l de\u011fi\u015fti\u011fini g\u00f6zlemlemek, en az bu kavram\u0131 tan\u0131mlamak kadar \u00f6nemli. Milliyet\u00e7ilik, kimi zaman uluslar\u0131n do\u011fu\u015funda muazzam kayna\u015ft\u0131r\u0131c\u0131 bir rol \u00fcstleniyor, kimi zaman da tehlikeli bir ideolojiye d\u00f6n\u00fc\u015f\u00fcyor. G\u00fcc\u00fc ve zay\u0131fl\u0131\u011f\u0131, masumiyeti ve sald\u0131rganl\u0131\u011f\u0131 i\u00e7 i\u00e7e ge\u00e7iyor. \u00d6zk\u0131r\u0131ml\u0131, bu erken \u00e7al\u0131\u015fmas\u0131yla kar\u015f\u0131la\u015ft\u0131rmal\u0131 bir ara\u015ft\u0131rman\u0131n nas\u0131l yap\u0131laca\u011f\u0131na dair son derece yetkin bir \u00f6rnek sunmaktad\u0131r. <\/p>\n","protected":false},"excerpt":{"rendered":"<p>Milliyet\u00e7ilik ile ilgili uluslararas\u0131 alanda yap\u0131lan tart\u0131\u015fmalar\u0131n dikkate ald\u0131\u011f\u0131 ve dipnot d\u00fc\u015ft\u00fc\u011f\u00fc bu kitap, daha \u015fimdiden kendi sahas\u0131nda ciddi bir a\u00e7\u0131l\u0131m sa\u011flam\u0131\u015f durumda. Umut \u00d6zk\u0131r\u0131ml\u0131, \u00e7oktand\u0131r<span class=\"excerpt-hellip\"> [\u2026]<\/span><\/p>\n","protected":false},"featured_media":0,"template":"","meta":{"_monsterinsights_skip_tracking":false,"_monsterinsights_sitenote_active":false,"_monsterinsights_sitenote_note":"","_monsterinsights_sitenote_category":0},"product_brand":[],"product_cat":[13656,12337],"product_tag":[],"class_list":{"0":"post-688651","1":"product","2":"type-product","3":"status-publish","5":"product_cat-azinliklar-etnik-sorunlar","6":"product_cat-politika-siyaset","7":"pa_cilt-ciltsiz","8":"pa_tur-kitap","9":"pa_yayinevi-dogu-bati-yayinlari","10":"pa_yazar-umut-ozkirimli","12":"first","13":"instock","14":"sale","15":"shipping-taxable","16":"purchasable","17":"product-type-simple"},"_links":{"self":[{"href":"https:\/\/roveyayinevi.com.tr\/index.php\/wp-json\/wp\/v2\/product\/688651","targetHints":{"allow":["GET"]}}],"collection":[{"href":"https:\/\/roveyayinevi.com.tr\/index.php\/wp-json\/wp\/v2\/product"}],"about":[{"href":"https:\/\/roveyayinevi.com.tr\/index.php\/wp-json\/wp\/v2\/types\/product"}],"wp:attachment":[{"href":"https:\/\/roveyayinevi.com.tr\/index.php\/wp-json\/wp\/v2\/media?parent=688651"}],"wp:term":[{"taxonomy":"product_brand","embeddable":true,"href":"https:\/\/roveyayinevi.com.tr\/index.php\/wp-json\/wp\/v2\/product_brand?post=688651"},{"taxonomy":"product_cat","embeddable":true,"href":"https:\/\/roveyayinevi.com.tr\/index.php\/wp-json\/wp\/v2\/product_cat?post=688651"},{"taxonomy":"product_tag","embeddable":true,"href":"https:\/\/roveyayinevi.com.tr\/index.php\/wp-json\/wp\/v2\/product_tag?post=688651"}],"curies":[{"name":"wp","href":"https:\/\/api.w.org\/{rel}","templated":true}]}}