{"id":688649,"date":"2025-08-27T13:07:14","date_gmt":"2025-08-27T10:07:14","guid":{"rendered":"https:\/\/roveyayinevi.com.tr\/index.php\/urun\/onaylanmamis-otobiyografi\/"},"modified":"2026-04-16T01:58:35","modified_gmt":"2026-04-15T22:58:35","slug":"onaylanmamis-otobiyografi","status":"publish","type":"product","link":"https:\/\/roveyayinevi.com.tr\/index.php\/urun\/onaylanmamis-otobiyografi\/","title":{"rendered":"Onaylanmam\u0131\u015f Otobiyografi"},"content":{"rendered":"<p>WikiLeaks\u2026. Julian Assange\u2026 Daha birka\u00e7 y\u0131l \u00f6nce hayat\u0131m\u0131za girerek, \u00e7e\u015fit \u00e7e\u015fit komplo teorileri kadar, internet kamuoyunun \u201cyeni bir d\u00fcnya\u201d umutlar\u0131na y\u00f6nelik hayal g\u00fcc\u00fcn\u00fc ate\u015fleyen birbirinden ayr\u0131lmaz iki isim. Avustralya\u2019da ge\u00e7en \u00e7ocuklu\u011fu ve ilkgen\u00e7li\u011finden beri \u201cadil\u201d bir d\u00fcnyan\u0131n pe\u015finde ko\u015fan Assange, i\u00e7inde bulundu\u011fumuz dijital \u00e7a\u011fda \u00f6zg\u00fcrl\u00fck ve adaletin \u00f6n\u00fcndeki engellerin bilgiyle ortadan kald\u0131r\u0131labilece\u011fine inan\u0131yor.  Assange, WikiLeaks\u2019in varolu\u015f amac\u0131n\u0131 b\u00fcy\u00fck \u015firketlerin, bankalar\u0131n ve elbette devletlerin kapal\u0131 kap\u0131lar ard\u0131nda y\u00fcr\u00fctt\u00fc\u011f\u00fc i\u015fleri g\u00f6zler \u00f6n\u00fcne sererek bilgiyi, \u201cbilme hakk\u0131\u201dna sahip olan tek tek insanlara, halka, k\u0131sacas\u0131 kamuya sunmak olarak a\u00e7\u0131kl\u0131yor. B\u00f6ylece WikiLeaks, g\u00fc\u00e7l\u00fcy\u00fc iktidar\u0131ndan soyuyor; bunu da, onun gizli i\u015fler \u00e7evirme g\u00fcc\u00fcn\u00fc elinden alarak yap\u0131yor. Marshall McLuhan\u2019\u0131n \u00f6ng\u00f6r\u00fcs\u00fc 50 y\u0131l bile ge\u00e7meden ger\u00e7ek oldu: K\u00fcresel bir  k\u00f6ye d\u00f6n\u00fc\u015fen d\u00fcnyam\u0131zda bu iki isim, k\u0131sa bir s\u00fcre i\u00e7inde t\u00fcm ezberleri bozdu, bildik d\u00fcnya g\u00f6r\u00fc\u015flerinin sa\u011fdan sola t\u00fcm yelpazesini da\u011f\u0131tt\u0131; t\u00fcm \u015fim\u015fekleri \u00fczerine \u00e7ekmesine ra\u011fmen kendisini destekleyen bir kitle de kazanarak bildi\u011fi yolda i\u015fini yapmaya devam ediyor. <\/p>\n","protected":false},"excerpt":{"rendered":"<p>WikiLeaks\u2026. Julian Assange\u2026 Daha birka\u00e7 y\u0131l \u00f6nce hayat\u0131m\u0131za girerek, \u00e7e\u015fit \u00e7e\u015fit komplo teorileri kadar, internet kamuoyunun \u201cyeni bir d\u00fcnya\u201d umutlar\u0131na y\u00f6nelik hayal g\u00fcc\u00fcn\u00fc ate\u015fleyen birbirinden ayr\u0131lmaz<span class=\"excerpt-hellip\"> [\u2026]<\/span><\/p>\n","protected":false},"featured_media":0,"template":"","meta":{"_monsterinsights_skip_tracking":false,"_monsterinsights_sitenote_active":false,"_monsterinsights_sitenote_note":"","_monsterinsights_sitenote_category":0},"product_brand":[],"product_cat":[12365,12364],"product_tag":[],"class_list":{"0":"post-688649","1":"product","2":"type-product","3":"status-publish","5":"product_cat-diger-genel-konular","6":"product_cat-genel-konular","7":"pa_cilt-ciltsiz","8":"pa_tur-kitap","9":"pa_yayinevi-alfa-yayinlari","10":"pa_yazar-julian-assange","12":"first","13":"instock","14":"sale","15":"shipping-taxable","16":"purchasable","17":"product-type-simple"},"_links":{"self":[{"href":"https:\/\/roveyayinevi.com.tr\/index.php\/wp-json\/wp\/v2\/product\/688649","targetHints":{"allow":["GET"]}}],"collection":[{"href":"https:\/\/roveyayinevi.com.tr\/index.php\/wp-json\/wp\/v2\/product"}],"about":[{"href":"https:\/\/roveyayinevi.com.tr\/index.php\/wp-json\/wp\/v2\/types\/product"}],"wp:attachment":[{"href":"https:\/\/roveyayinevi.com.tr\/index.php\/wp-json\/wp\/v2\/media?parent=688649"}],"wp:term":[{"taxonomy":"product_brand","embeddable":true,"href":"https:\/\/roveyayinevi.com.tr\/index.php\/wp-json\/wp\/v2\/product_brand?post=688649"},{"taxonomy":"product_cat","embeddable":true,"href":"https:\/\/roveyayinevi.com.tr\/index.php\/wp-json\/wp\/v2\/product_cat?post=688649"},{"taxonomy":"product_tag","embeddable":true,"href":"https:\/\/roveyayinevi.com.tr\/index.php\/wp-json\/wp\/v2\/product_tag?post=688649"}],"curies":[{"name":"wp","href":"https:\/\/api.w.org\/{rel}","templated":true}]}}