{"id":688648,"date":"2025-08-27T13:07:14","date_gmt":"2025-08-27T10:07:14","guid":{"rendered":"https:\/\/roveyayinevi.com.tr\/index.php\/urun\/onlar-bizim-icin-olduler-bu-vatan-boyle-kurtuldu\/"},"modified":"2025-11-22T01:59:03","modified_gmt":"2025-11-21T22:59:03","slug":"onlar-bizim-icin-olduler-bu-vatan-boyle-kurtuldu","status":"publish","type":"product","link":"https:\/\/roveyayinevi.com.tr\/index.php\/urun\/onlar-bizim-icin-olduler-bu-vatan-boyle-kurtuldu\/","title":{"rendered":"Onlar Bizim \u0130\u00e7in \u00d6ld\u00fcler Bu Vatan B\u00f6yle Kurtuldu"},"content":{"rendered":"<p>Bu vatan nas\u0131l kurtuldu?  Bug\u00fcn bu soruyu sorup yan\u0131t\u0131n\u0131 vermek \u00e7ok kolay. Oysa 1920\u2019lerin ko\u015fullar\u0131n\u0131 hayal ederek ya\u015famaya \u00e7al\u0131\u015fal\u0131m, bakal\u0131m neyle kar\u015f\u0131la\u015faca\u011f\u0131z!Anadolu \u0130ngilizlerin k\u0131\u015fk\u0131rtmas\u0131yla Yunanl\u0131lar\u0131n i\u015fgali alt\u0131nda. \u00dcstelik, uluslararas\u0131 kurallara ayk\u0131r\u0131 olarak, kad\u0131nlar\u0131n k\u0131zlar\u0131n \u0131rzlar\u0131na ge\u00e7iliyor, her yer ya\u011fmalan\u0131yor, yak\u0131l\u0131yor, y\u0131k\u0131l\u0131yor, camilerde ezanlar okunam\u0131yor&#8230; Sava\u015facak silah ve cephane yok, yiyecek yok, giyecek yok, para da yok&#8230; Demiryollar\u0131 i\u015fgal alt\u0131nda, karayolu da yok.T\u00fcrk milleti bu ko\u015fullarda mucize yaratt\u0131. Silah yapt\u0131, cephane \u00fcretti, i\u015fgal alt\u0131ndaki \u0130stanbul\u2019da silah depolar\u0131n\u0131 soydu, subaylar\u0131 Anadolu\u2019ya ka\u00e7\u0131rd\u0131. T\u00fcm bunlar\u0131 da \u0130stanbul-Trabzon-Batum-Novorosisky-\u0130nebolu iskeleleri aras\u0131nda yapt\u0131. \u00d6l\u00fcmden korkmayan, \u00f6l\u00fcm\u00fc yenen sivil resmi bahriyeliler ile Anadolulu, Kastamonulu ve \u0130nebolulu T\u00fcrk kad\u0131nlar\u0131yla ba\u015fard\u0131.T\u00fcrk kad\u0131nlar\u0131n\u0131n inan\u0131lmaz azim ve kararl\u0131l\u0131klar\u0131 bu memleketi kurtard\u0131. Kar k\u0131\u015f demediler, ka\u011fn\u0131lar\u0131n arkas\u0131ndan gittiler. Dondular, yollarda \u00f6ld\u00fcler ama yorganlar\u0131yla, kazaklar\u0131yla mermileri sard\u0131lar&#8230; \u00c7ocuklar\u0131 \u00f6ks\u00fcz kald\u0131, yetim kald\u0131 ama \u201cbu vatan kurtuldu\u201d. Bu kitap, Gazi Mustafa Kemal\u2019in askerlerinin, \u0130psiz Recep\u2019in, Topal Osman\u2019\u0131n, Band\u0131rma\u2019n\u0131n kaptan\u0131 \u0130smail Hakk\u0131\u2019n\u0131n ve Erzurumlu Kara Fatma, Selanikli Ay\u015fe, kar\u015f\u0131l\u0131ks\u0131z a\u015fk\u0131n kurban\u0131 Selanikli Fikriye gibi kad\u0131nlar\u0131n mucizesini anlat\u0131r&#8230; Onlar bizim i\u00e7in \u00f6ld\u00fcler&#8230; Bu kitap, bu vatan\u0131 kurtarmak i\u00e7in \u00f6lenlerin \u00f6yk\u00fcs\u00fcd\u00fcr.<\/p>\n","protected":false},"excerpt":{"rendered":"<p>Bu vatan nas\u0131l kurtuldu? Bug\u00fcn bu soruyu sorup yan\u0131t\u0131n\u0131 vermek \u00e7ok kolay. Oysa 1920\u2019lerin ko\u015fullar\u0131n\u0131 hayal ederek ya\u015famaya \u00e7al\u0131\u015fal\u0131m, bakal\u0131m neyle kar\u015f\u0131la\u015faca\u011f\u0131z!Anadolu \u0130ngilizlerin k\u0131\u015fk\u0131rtmas\u0131yla Yunanl\u0131lar\u0131n i\u015fgali<span class=\"excerpt-hellip\"> [\u2026]<\/span><\/p>\n","protected":false},"featured_media":0,"template":"","meta":{"_monsterinsights_skip_tracking":false,"_monsterinsights_sitenote_active":false,"_monsterinsights_sitenote_note":"","_monsterinsights_sitenote_category":0},"product_brand":[],"product_cat":[12370,12304],"product_tag":[],"class_list":{"0":"post-688648","1":"product","2":"type-product","3":"status-publish","5":"product_cat-arastirma-inceleme","6":"product_cat-tarih","7":"pa_cilt-ciltsiz","8":"pa_tur-kitap","9":"pa_yayinevi-alfa-yayinlari","10":"pa_yazar-erol-mutercimler","12":"first","13":"instock","14":"sale","15":"shipping-taxable","16":"purchasable","17":"product-type-simple"},"_links":{"self":[{"href":"https:\/\/roveyayinevi.com.tr\/index.php\/wp-json\/wp\/v2\/product\/688648","targetHints":{"allow":["GET"]}}],"collection":[{"href":"https:\/\/roveyayinevi.com.tr\/index.php\/wp-json\/wp\/v2\/product"}],"about":[{"href":"https:\/\/roveyayinevi.com.tr\/index.php\/wp-json\/wp\/v2\/types\/product"}],"wp:attachment":[{"href":"https:\/\/roveyayinevi.com.tr\/index.php\/wp-json\/wp\/v2\/media?parent=688648"}],"wp:term":[{"taxonomy":"product_brand","embeddable":true,"href":"https:\/\/roveyayinevi.com.tr\/index.php\/wp-json\/wp\/v2\/product_brand?post=688648"},{"taxonomy":"product_cat","embeddable":true,"href":"https:\/\/roveyayinevi.com.tr\/index.php\/wp-json\/wp\/v2\/product_cat?post=688648"},{"taxonomy":"product_tag","embeddable":true,"href":"https:\/\/roveyayinevi.com.tr\/index.php\/wp-json\/wp\/v2\/product_tag?post=688648"}],"curies":[{"name":"wp","href":"https:\/\/api.w.org\/{rel}","templated":true}]}}