{"id":688647,"date":"2025-08-27T13:07:14","date_gmt":"2025-08-27T10:07:14","guid":{"rendered":"https:\/\/roveyayinevi.com.tr\/index.php\/urun\/aynadaki-tarih-komplo-teorileri-3\/"},"modified":"2025-09-01T08:20:11","modified_gmt":"2025-09-01T05:20:11","slug":"aynadaki-tarih-komplo-teorileri-3","status":"publish","type":"product","link":"https:\/\/roveyayinevi.com.tr\/index.php\/urun\/aynadaki-tarih-komplo-teorileri-3\/","title":{"rendered":"Aynadaki Tarih &#8211; Komplo Teorileri 3"},"content":{"rendered":"<p>B\u0130L\u0130NMEYEN VE YANLI\u015e B\u0130L\u0130NEN B\u0130R\u00c7OK OLAYA A\u00c7IKLIK GET\u0130RECEK, BELK\u0130 DE Z\u0130H\u0130NLER\u0130 DAHA \u00c7OK KARI\u015eTIRACAK!!!- 1922 y\u0131l\u0131nda \u0130zmir&#8217;i kim yakt\u0131?- Sevr paranoyad\u0131r; Lozan y\u0131rt\u0131lmal\u0131d\u0131r.- Vahdettin bir hain midir?- Atat\u00fcrk Mevlevi midir?- Bursa Nutku&#8217;nu Atat\u00fcrk s\u00f6ylemedi mi?- Dersim \u0130syan\u0131 Hatay i\u00e7in miydi?- 24 Ocak Kararlar\u0131 12 Eyl\u00fcl&#8217;e haz\u0131rl\u0131k m\u0131yd\u0131?- Bar\u0131\u015f G\u00f6n\u00fcll\u00fcleri etnik haritay\u0131 m\u0131 \u00e7izdi?- 1 May\u0131s 1977 provokasyonunu kim yapt\u0131?- Varl\u0131k Vergisi T\u00fcrkle\u015ftirme projesi mi?- Ruhban Okulu bir dayatma m\u0131d\u0131r?VE DAHA B\u0130R\u00c7OK OLAYLAR Z\u0130NC\u0130R\u0130<\/p>\n","protected":false},"excerpt":{"rendered":"<p>B\u0130L\u0130NMEYEN VE YANLI\u015e B\u0130L\u0130NEN B\u0130R\u00c7OK OLAYA A\u00c7IKLIK GET\u0130RECEK, BELK\u0130 DE Z\u0130H\u0130NLER\u0130 DAHA \u00c7OK KARI\u015eTIRACAK!!!- 1922 y\u0131l\u0131nda \u0130zmir&#8217;i kim yakt\u0131?- Sevr paranoyad\u0131r; Lozan y\u0131rt\u0131lmal\u0131d\u0131r.- Vahdettin bir hain<span class=\"excerpt-hellip\"> [\u2026]<\/span><\/p>\n","protected":false},"featured_media":0,"template":"","meta":{"_monsterinsights_skip_tracking":false,"_monsterinsights_sitenote_active":false,"_monsterinsights_sitenote_note":"","_monsterinsights_sitenote_category":0},"product_brand":[],"product_cat":[12346,12337],"product_tag":[],"class_list":{"0":"post-688647","1":"product","2":"type-product","3":"status-publish","5":"product_cat-derin-siyaset-komplo-teorileri","6":"product_cat-politika-siyaset","7":"pa_cilt-ciltsiz","8":"pa_tur-kitap","9":"pa_yayinevi-alfa-yayinlari","10":"pa_yazar-erol-mutercimler","12":"first","13":"instock","14":"sale","15":"shipping-taxable","16":"purchasable","17":"product-type-simple"},"_links":{"self":[{"href":"https:\/\/roveyayinevi.com.tr\/index.php\/wp-json\/wp\/v2\/product\/688647","targetHints":{"allow":["GET"]}}],"collection":[{"href":"https:\/\/roveyayinevi.com.tr\/index.php\/wp-json\/wp\/v2\/product"}],"about":[{"href":"https:\/\/roveyayinevi.com.tr\/index.php\/wp-json\/wp\/v2\/types\/product"}],"wp:attachment":[{"href":"https:\/\/roveyayinevi.com.tr\/index.php\/wp-json\/wp\/v2\/media?parent=688647"}],"wp:term":[{"taxonomy":"product_brand","embeddable":true,"href":"https:\/\/roveyayinevi.com.tr\/index.php\/wp-json\/wp\/v2\/product_brand?post=688647"},{"taxonomy":"product_cat","embeddable":true,"href":"https:\/\/roveyayinevi.com.tr\/index.php\/wp-json\/wp\/v2\/product_cat?post=688647"},{"taxonomy":"product_tag","embeddable":true,"href":"https:\/\/roveyayinevi.com.tr\/index.php\/wp-json\/wp\/v2\/product_tag?post=688647"}],"curies":[{"name":"wp","href":"https:\/\/api.w.org\/{rel}","templated":true}]}}