{"id":688646,"date":"2025-08-27T13:07:14","date_gmt":"2025-08-27T10:07:14","guid":{"rendered":"https:\/\/roveyayinevi.com.tr\/index.php\/urun\/sosyolojik-dusuncenin-kisa-tarihi\/"},"modified":"2026-04-16T01:58:35","modified_gmt":"2026-04-15T22:58:35","slug":"sosyolojik-dusuncenin-kisa-tarihi","status":"publish","type":"product","link":"https:\/\/roveyayinevi.com.tr\/index.php\/urun\/sosyolojik-dusuncenin-kisa-tarihi\/","title":{"rendered":"Sosyolojik D\u00fc\u015f\u00fcncenin K\u0131sa Tarihi"},"content":{"rendered":"<p>Alan Swingewood\u2018un bu kitab\u0131 klasik, modern ve g\u00fcncel toplum teorisini kapsaml\u0131 bi\u00e7imde ele alan \u00e7ok az say\u0131daki ba\u015fucu eserinden birisidir. Yazar bu iddial\u0131 ve \u00e7ok \u00e7e\u015fitli kesimlerce takdirle kar\u015f\u0131lanan kitab\u0131nda, sosyolojik d\u00fc\u015f\u00fcncenin tarihi boyunca kar\u015f\u0131m\u0131za \u00e7\u0131kan teorik tart\u0131\u015fmalardaki e\u011filimler, gerilimler ve geli\u015fmelerin izini s\u00fcrerek ge\u00e7mi\u015fin ve bug\u00fcn\u00fcn yazarlar\u0131yla ele\u015ftirel bir diyalog geli\u015ftirmi\u015ftir. Swingewood bu kitapta ilk \u00f6nce, sosyolojinin, Ayd\u0131nlanma ak\u0131lc\u0131l\u0131\u011f\u0131 ve modernitesinde bulunan k\u00f6kenlerinden bir disiplin olarak ortaya \u00e7\u0131k\u0131\u015f\u0131n\u0131 ele al\u0131r. Sonra, sembolik etkile\u015fimcilik, i\u015flevselcilik, yap\u0131la\u015fma teorisi ve Marksizm \u015feklindeki bi\u00e7imlerini izler; Marx, Weber ve Durkheim gibi klasik sosyologlar\u0131n \u00e7al\u0131\u015fmalar\u0131 ile daha yak\u0131n d\u00f6nemde Mead, Goffman, Parsons ve Foucault\u2018nun teorilerini ele\u015ftirel bir de\u011ferlendirmeye tabi tutar. Nihayet \u00e7al\u0131\u015fmas\u0131n\u0131, yap\u0131salc\u0131l\u0131ktan ve post-modernizmden t\u00fcretilmi\u015f olan yeni kimlik teorilerine ele\u015ftirel bir bak\u0131\u015fla noktalar. &#8220;Sosyolojik d\u00fc\u015f\u00fcncenin geli\u015fmesi, bireyleri, topluluklar\u0131 ve toplumsal gruplar\u0131 kapsayan, i\u015fbirli\u011fine, ileti\u015fime ve diyaloga dayal\u0131 etkile\u015fimin sonucudur. Bu kitap da ne bir sosyoloji tarihi, ne de bir sosyoloji teorisi tarihidir. Bu kitap, sosyolojik d\u00fc\u015f\u00fcnceyi on sekizinci y\u00fczy\u0131l felsefesi, tarihi ve siyasal iktisad\u0131ndaki k\u00f6kenlerinden ba\u015flayarak ele alan, se\u00e7meci bir tarihtir.&#8221;<\/p>\n","protected":false},"excerpt":{"rendered":"<p>Alan Swingewood\u2018un bu kitab\u0131 klasik, modern ve g\u00fcncel toplum teorisini kapsaml\u0131 bi\u00e7imde ele alan \u00e7ok az say\u0131daki ba\u015fucu eserinden birisidir. Yazar bu iddial\u0131 ve \u00e7ok \u00e7e\u015fitli<span class=\"excerpt-hellip\"> [\u2026]<\/span><\/p>\n","protected":false},"featured_media":0,"template":"","meta":{"_monsterinsights_skip_tracking":false,"_monsterinsights_sitenote_active":false,"_monsterinsights_sitenote_note":"","_monsterinsights_sitenote_category":0},"product_brand":[],"product_cat":[12351,12324],"product_tag":[],"class_list":{"0":"post-688646","1":"product","2":"type-product","3":"status-publish","5":"product_cat-siyaset-sosyolojisi","6":"product_cat-sosyoloji","7":"pa_cilt-ciltsiz","8":"pa_tur-kitap","9":"pa_yayinevi-agora-kitapligi","10":"pa_yazar-alan-swingewood","12":"first","13":"instock","14":"sale","15":"shipping-taxable","16":"purchasable","17":"product-type-simple"},"_links":{"self":[{"href":"https:\/\/roveyayinevi.com.tr\/index.php\/wp-json\/wp\/v2\/product\/688646","targetHints":{"allow":["GET"]}}],"collection":[{"href":"https:\/\/roveyayinevi.com.tr\/index.php\/wp-json\/wp\/v2\/product"}],"about":[{"href":"https:\/\/roveyayinevi.com.tr\/index.php\/wp-json\/wp\/v2\/types\/product"}],"wp:attachment":[{"href":"https:\/\/roveyayinevi.com.tr\/index.php\/wp-json\/wp\/v2\/media?parent=688646"}],"wp:term":[{"taxonomy":"product_brand","embeddable":true,"href":"https:\/\/roveyayinevi.com.tr\/index.php\/wp-json\/wp\/v2\/product_brand?post=688646"},{"taxonomy":"product_cat","embeddable":true,"href":"https:\/\/roveyayinevi.com.tr\/index.php\/wp-json\/wp\/v2\/product_cat?post=688646"},{"taxonomy":"product_tag","embeddable":true,"href":"https:\/\/roveyayinevi.com.tr\/index.php\/wp-json\/wp\/v2\/product_tag?post=688646"}],"curies":[{"name":"wp","href":"https:\/\/api.w.org\/{rel}","templated":true}]}}