{"id":688645,"date":"2025-08-27T13:07:13","date_gmt":"2025-08-27T10:07:13","guid":{"rendered":"https:\/\/roveyayinevi.com.tr\/index.php\/urun\/sok-doktrini\/"},"modified":"2026-04-16T01:58:35","modified_gmt":"2026-04-15T22:58:35","slug":"sok-doktrini","status":"publish","type":"product","link":"https:\/\/roveyayinevi.com.tr\/index.php\/urun\/sok-doktrini\/","title":{"rendered":"\u015eok Doktrini"},"content":{"rendered":"<p>No Logo   adl\u0131 kitab\u0131yla b\u00fct\u00fcn d\u00fcnyada ad\u0131ndan s\u00f6z ettiren Naomi Klein\u2018a g\u00f6re, k\u00fcresel \u00e7aptaki serbest piyasan\u0131n zafere demokratik ara\u00e7larla ula\u015ft\u0131\u011f\u0131 d\u00fc\u015f\u00fcncesi bir safsatadan ibarettir. \u00dcstelik, \u2018\u015fok terapisi\u2018 doktrinine uygun \u015foklar\u0131n uygulanmas\u0131n\u0131n hemen ard\u0131ndan, toplumlar\u0131n h\u0131zla b\u00fcy\u00fck \u00e7okuluslu \u015firketlerin \u00e7\u0131karlar\u0131 do\u011frultusunda sil ba\u015ftan d\u00fczenlenmesini gerektiren felaket kapitalizmi maceras\u0131 asl\u0131nda hi\u00e7 de 11 Eyl\u00fcl 2001\u2018le ba\u015flamam\u0131\u015ft\u0131r. <\/p>\n","protected":false},"excerpt":{"rendered":"<p>No Logo adl\u0131 kitab\u0131yla b\u00fct\u00fcn d\u00fcnyada ad\u0131ndan s\u00f6z ettiren Naomi Klein\u2018a g\u00f6re, k\u00fcresel \u00e7aptaki serbest piyasan\u0131n zafere demokratik ara\u00e7larla ula\u015ft\u0131\u011f\u0131 d\u00fc\u015f\u00fcncesi bir safsatadan ibarettir. \u00dcstelik, \u2018\u015fok<span class=\"excerpt-hellip\"> [\u2026]<\/span><\/p>\n","protected":false},"featured_media":0,"template":"","meta":{"_monsterinsights_skip_tracking":false,"_monsterinsights_sitenote_active":false,"_monsterinsights_sitenote_note":"","_monsterinsights_sitenote_category":0},"product_brand":[],"product_cat":[12338,12337],"product_tag":[],"class_list":{"0":"post-688645","1":"product","2":"type-product","3":"status-publish","5":"product_cat-dunya-siyaseti-ve-politikasi","6":"product_cat-politika-siyaset","7":"pa_tur-kitap","8":"pa_yayinevi-agora-kitapligi","9":"pa_yazar-naomi-klein","11":"first","12":"instock","13":"sale","14":"shipping-taxable","15":"purchasable","16":"product-type-simple"},"_links":{"self":[{"href":"https:\/\/roveyayinevi.com.tr\/index.php\/wp-json\/wp\/v2\/product\/688645","targetHints":{"allow":["GET"]}}],"collection":[{"href":"https:\/\/roveyayinevi.com.tr\/index.php\/wp-json\/wp\/v2\/product"}],"about":[{"href":"https:\/\/roveyayinevi.com.tr\/index.php\/wp-json\/wp\/v2\/types\/product"}],"wp:attachment":[{"href":"https:\/\/roveyayinevi.com.tr\/index.php\/wp-json\/wp\/v2\/media?parent=688645"}],"wp:term":[{"taxonomy":"product_brand","embeddable":true,"href":"https:\/\/roveyayinevi.com.tr\/index.php\/wp-json\/wp\/v2\/product_brand?post=688645"},{"taxonomy":"product_cat","embeddable":true,"href":"https:\/\/roveyayinevi.com.tr\/index.php\/wp-json\/wp\/v2\/product_cat?post=688645"},{"taxonomy":"product_tag","embeddable":true,"href":"https:\/\/roveyayinevi.com.tr\/index.php\/wp-json\/wp\/v2\/product_tag?post=688645"}],"curies":[{"name":"wp","href":"https:\/\/api.w.org\/{rel}","templated":true}]}}