{"id":688643,"date":"2025-08-27T13:07:13","date_gmt":"2025-08-27T10:07:13","guid":{"rendered":"https:\/\/roveyayinevi.com.tr\/index.php\/urun\/burjuva\/"},"modified":"2026-04-16T01:58:35","modified_gmt":"2026-04-15T22:58:35","slug":"burjuva","status":"publish","type":"product","link":"https:\/\/roveyayinevi.com.tr\/index.php\/urun\/burjuva\/","title":{"rendered":"Burjuva"},"content":{"rendered":"<p>Burjuvazi\u2026 XIV. y\u00fczy\u0131l Floransa do\u011fumlu&#8230; \u201cLa sollicitudine e cura delle cose, cioe la masserizia\u201d&#8230; (\u0130yi bir ev sahibi ekonomik ya\u015fant\u0131s\u0131n\u0131 akla uygun bir hale getirir)&#8230; Toplumu ataletten kurtaracak yeni bir g\u00fc\u00e7 ortaya \u00e7\u0131k\u0131yor. D\u00fcnyay\u0131 bir \u2018tasar\u0131m\u2019 olarak g\u00f6r\u00fcp onu kendi idealleri i\u00e7in yeniden var eden, daima projeler \u00fcreten, dinamik ve maceraperest bir s\u0131n\u0131f\u2026 Ge\u00e7mi\u015fte hi\u00e7bir \u2018d\u00f6n\u00fc\u015f\u00fcm\u2019 ideali burjuvazinin yaratt\u0131\u011f\u0131 bu do\u011fal ve taze g\u00fcce eri\u015femiyor. Kime ger\u00e7ek bir \u2018burjuva\u2019 denir? Nas\u0131l bir tiptir burjuva? Hangi karakter \u00f6zelliklerini sergiler? Her \u015feyden \u00f6nce do\u011fu\u015ftan bir burjuvan\u0131n salt para kazanma tutkusuyla yola koyulmad\u0131\u011f\u0131 \u00e7ok a\u00e7\u0131kt\u0131r. D\u00fczen ve disiplin, yarat\u0131c\u0131l\u0131k ruhu, al\u0131\u015fkanl\u0131k ve deneyimlerin zenginli\u011fi, ruh ve zek\u00e2 aras\u0131nda sa\u011flanan m\u00fckemmel denge burjuva erdemleri aras\u0131nda say\u0131l\u0131yor. O, ibadet eder gibi hu\u015fu ile \u00e7al\u0131\u015f\u0131yor. Zaman\u0131 idare eden sihirli g\u00fcc\u00fc yakal\u0131yor. Modern devirlerin rasyonalitesine gelmeden \u00f6nce, g\u00fcndelik hayat\u0131n bu s\u0131n\u0131f sayesinde nas\u0131l yava\u015f yava\u015f de\u011fi\u015fti\u011fini, \u00f6l\u00e7\u00fc, zaman, h\u0131z, hesap vb. unsurlar\u0131n ba\u015flang\u0131\u00e7taki bu de\u011fi\u015fimini ad\u0131m ad\u0131m izlemek gerek. Kitap boyunca yazar bir\u00e7ok tezin yan\u0131nda o \u00fcnl\u00fc tezini ayr\u0131nt\u0131lar\u0131yla i\u015flemektedir: Tinsel ve ruhsal \u00f6gelerin ekonomik ya\u015fama olan etkisi&#8230; Sombart\u2019ta burjuvazi bir \u2018Zihniyet\u2019 olarak vard\u0131r ve modern d\u00fcnyan\u0131n derin k\u00f6kleri bu Zihniyet\u2019e kadar uzanmaktad\u0131r.<\/p>\n","protected":false},"excerpt":{"rendered":"<p>Burjuvazi\u2026 XIV. y\u00fczy\u0131l Floransa do\u011fumlu&#8230; \u201cLa sollicitudine e cura delle cose, cioe la masserizia\u201d&#8230; (\u0130yi bir ev sahibi ekonomik ya\u015fant\u0131s\u0131n\u0131 akla uygun bir hale getirir)&#8230; Toplumu<span class=\"excerpt-hellip\"> [\u2026]<\/span><\/p>\n","protected":false},"featured_media":0,"template":"","meta":{"_monsterinsights_skip_tracking":false,"_monsterinsights_sitenote_active":false,"_monsterinsights_sitenote_note":"","_monsterinsights_sitenote_category":0},"product_brand":[],"product_cat":[12325,12324],"product_tag":[],"class_list":{"0":"post-688643","1":"product","2":"type-product","3":"status-publish","5":"product_cat-diger-sosyoloji","6":"product_cat-sosyoloji","7":"pa_cilt-ciltsiz","8":"pa_tur-kitap","9":"pa_yayinevi-dogu-bati-yayinlari","10":"pa_yazar-werner-sombart","12":"first","13":"instock","14":"sale","15":"shipping-taxable","16":"purchasable","17":"product-type-simple"},"_links":{"self":[{"href":"https:\/\/roveyayinevi.com.tr\/index.php\/wp-json\/wp\/v2\/product\/688643","targetHints":{"allow":["GET"]}}],"collection":[{"href":"https:\/\/roveyayinevi.com.tr\/index.php\/wp-json\/wp\/v2\/product"}],"about":[{"href":"https:\/\/roveyayinevi.com.tr\/index.php\/wp-json\/wp\/v2\/types\/product"}],"wp:attachment":[{"href":"https:\/\/roveyayinevi.com.tr\/index.php\/wp-json\/wp\/v2\/media?parent=688643"}],"wp:term":[{"taxonomy":"product_brand","embeddable":true,"href":"https:\/\/roveyayinevi.com.tr\/index.php\/wp-json\/wp\/v2\/product_brand?post=688643"},{"taxonomy":"product_cat","embeddable":true,"href":"https:\/\/roveyayinevi.com.tr\/index.php\/wp-json\/wp\/v2\/product_cat?post=688643"},{"taxonomy":"product_tag","embeddable":true,"href":"https:\/\/roveyayinevi.com.tr\/index.php\/wp-json\/wp\/v2\/product_tag?post=688643"}],"curies":[{"name":"wp","href":"https:\/\/api.w.org\/{rel}","templated":true}]}}