{"id":688641,"date":"2025-08-27T13:07:13","date_gmt":"2025-08-27T10:07:13","guid":{"rendered":"https:\/\/roveyayinevi.com.tr\/index.php\/urun\/modern-ortadogu-tarihi\/"},"modified":"2026-04-16T01:58:35","modified_gmt":"2026-04-15T22:58:35","slug":"modern-ortadogu-tarihi","status":"publish","type":"product","link":"https:\/\/roveyayinevi.com.tr\/index.php\/urun\/modern-ortadogu-tarihi\/","title":{"rendered":"Modern Ortado\u011fu Tarihi"},"content":{"rendered":"<p>Alan\u0131n\u0131n ba\u015fl\u0131ca referans \u00e7al\u0131\u015fmalar\u0131ndan biri olan   Modern Ortado\u011fu Tarihi  , yazar\u0131n\u0131n \u00f6ncelikle \u00f6\u011frencileri ve bu konuda daha \u00d6nce ayr\u0131nt\u0131l\u0131 bilgi sahibi olmayan genel okurlar\u0131 g\u00f6zeterek haz\u0131rlad\u0131\u011f\u0131 yetkin bir tarih \u00e7al\u0131\u015fmas\u0131d\u0131r. <\/p>\n","protected":false},"excerpt":{"rendered":"<p>Alan\u0131n\u0131n ba\u015fl\u0131ca referans \u00e7al\u0131\u015fmalar\u0131ndan biri olan Modern Ortado\u011fu Tarihi , yazar\u0131n\u0131n \u00f6ncelikle \u00f6\u011frencileri ve bu konuda daha \u00d6nce ayr\u0131nt\u0131l\u0131 bilgi sahibi olmayan genel okurlar\u0131 g\u00f6zeterek haz\u0131rlad\u0131\u011f\u0131<span class=\"excerpt-hellip\"> [\u2026]<\/span><\/p>\n","protected":false},"featured_media":0,"template":"","meta":{"_monsterinsights_skip_tracking":false,"_monsterinsights_sitenote_active":false,"_monsterinsights_sitenote_note":"","_monsterinsights_sitenote_category":0},"product_brand":[],"product_cat":[12312,12304],"product_tag":[],"class_list":{"0":"post-688641","1":"product","2":"type-product","3":"status-publish","5":"product_cat-diger","6":"product_cat-tarih","7":"pa_cilt-ciltsiz","8":"pa_tur-kitap","9":"pa_yayinevi-agora-kitapligi","10":"pa_yazar-william-l-cleveland","12":"first","13":"instock","14":"sale","15":"shipping-taxable","16":"purchasable","17":"product-type-simple"},"_links":{"self":[{"href":"https:\/\/roveyayinevi.com.tr\/index.php\/wp-json\/wp\/v2\/product\/688641","targetHints":{"allow":["GET"]}}],"collection":[{"href":"https:\/\/roveyayinevi.com.tr\/index.php\/wp-json\/wp\/v2\/product"}],"about":[{"href":"https:\/\/roveyayinevi.com.tr\/index.php\/wp-json\/wp\/v2\/types\/product"}],"wp:attachment":[{"href":"https:\/\/roveyayinevi.com.tr\/index.php\/wp-json\/wp\/v2\/media?parent=688641"}],"wp:term":[{"taxonomy":"product_brand","embeddable":true,"href":"https:\/\/roveyayinevi.com.tr\/index.php\/wp-json\/wp\/v2\/product_brand?post=688641"},{"taxonomy":"product_cat","embeddable":true,"href":"https:\/\/roveyayinevi.com.tr\/index.php\/wp-json\/wp\/v2\/product_cat?post=688641"},{"taxonomy":"product_tag","embeddable":true,"href":"https:\/\/roveyayinevi.com.tr\/index.php\/wp-json\/wp\/v2\/product_tag?post=688641"}],"curies":[{"name":"wp","href":"https:\/\/api.w.org\/{rel}","templated":true}]}}