{"id":688640,"date":"2025-08-27T13:07:13","date_gmt":"2025-08-27T10:07:13","guid":{"rendered":"https:\/\/roveyayinevi.com.tr\/index.php\/urun\/gelenegin-icadi\/"},"modified":"2026-04-16T01:58:35","modified_gmt":"2026-04-15T22:58:35","slug":"gelenegin-icadi","status":"publish","type":"product","link":"https:\/\/roveyayinevi.com.tr\/index.php\/urun\/gelenegin-icadi\/","title":{"rendered":"Gelene\u011fin \u0130cad\u0131"},"content":{"rendered":"<p>Bug\u00fcn eski devirlerden geldi\u011fini varsayd\u0131\u011f\u0131m\u0131z geleneklerin b\u00fcy\u00fck k\u0131sm\u0131, asl\u0131nda g\u00f6rece yak\u0131n zamanlarda \u2018icat edilmi\u015f olan\u2019 geleneklerdir. Bu gelenekler icat edilirken mutlaka belli bir tarihsel ge\u00e7mi\u015fe referans yap\u0131l\u0131r ve ge\u00e7mi\u015fle bir s\u00fcreklilik kurulmaya \u00e7al\u0131\u015f\u0131l\u0131r. Oysa bu s\u00fcreklilik, b\u00fcy\u00fck \u00f6l\u00e7\u00fcde yapay ve uydurmad\u0131r. Bu a\u00e7\u0131dan son iki y\u00fczy\u0131ll\u0131k ge\u00e7mi\u015f, modern d\u00fcnyan\u0131n s\u00fcrekli de\u011fi\u015fimi ve yenilenmesi ile toplumsal hayat\u0131n en az\u0131ndan baz\u0131 k\u0131s\u0131mlar\u0131n\u0131n de\u011fi\u015fmez ve sabit tutulmaya \u00e7al\u0131\u015f\u0131lmas\u0131 aras\u0131ndaki z\u0131tl\u0131\u011fa kafa yoran tarih\u00e7iler a\u00e7\u0131s\u0131ndan son derece ilgin\u00e7 ve verimli bir zaman dilimidir. Verimlidir, zira yeni gelenekler \u00f6zellikle bu son iki y\u00fczy\u0131lda, \u00f6zellikle de g\u00f6rece yeni bir tarihsel olgu olan \u2018ulus\u2019 ve \u2018ulus-devlet\u2019le, ulusal semboller, refleksler ve milliyet\u00e7ilikle at ba\u015f\u0131 giderek h\u0131zl\u0131 bir \u015fekilde formelle\u015fmi\u015f ve yerle\u015fiklik kazanm\u0131\u015ft\u0131r. Ya\u015fayan en b\u00fcy\u00fck Marksist tarih\u00e7i Eric Hobsbawm\u2019\u0131n Terence Ranger\u2019la birlikte haz\u0131rlad\u0131\u011f\u0131 bu temel referans kitab\u0131, derlemeye katk\u0131da bulunan di\u011fer yazarlar\u0131n Britanya, \u0130sko\u00e7ya, Galler, Hindistan ve Afrika\u2019daki tarihsel s\u00fcreci irdeledikleri \u00e7al\u0131\u015fmalar\u0131yla birlikte, yukar\u0131da ana hatlar\u0131 belirtildi\u011fi \u00e7er\u00e7evede \u2018icat edilen gelenekler\u2019i, ayr\u0131ca ge\u00e7mi\u015f ile bug\u00fcn aras\u0131ndaki ba\u011f\u0131 ara\u015ft\u0131rmaktad\u0131r&#8230; <\/p>\n","protected":false},"excerpt":{"rendered":"<p>Bug\u00fcn eski devirlerden geldi\u011fini varsayd\u0131\u011f\u0131m\u0131z geleneklerin b\u00fcy\u00fck k\u0131sm\u0131, asl\u0131nda g\u00f6rece yak\u0131n zamanlarda \u2018icat edilmi\u015f olan\u2019 geleneklerdir. Bu gelenekler icat edilirken mutlaka belli bir tarihsel ge\u00e7mi\u015fe referans<span class=\"excerpt-hellip\"> [\u2026]<\/span><\/p>\n","protected":false},"featured_media":0,"template":"","meta":{"_monsterinsights_skip_tracking":false,"_monsterinsights_sitenote_active":false,"_monsterinsights_sitenote_note":"","_monsterinsights_sitenote_category":0},"product_brand":[],"product_cat":[12305,12304],"product_tag":[],"class_list":{"0":"post-688640","1":"product","2":"type-product","3":"status-publish","5":"product_cat-dunya-tarihi","6":"product_cat-tarih","7":"pa_tur-kitap","8":"pa_yayinevi-agora-kitapligi","9":"pa_yazar-eric-j-hobsbawm","10":"pa_yazar-terence-ranger","12":"first","13":"instock","14":"sale","15":"shipping-taxable","16":"purchasable","17":"product-type-simple"},"_links":{"self":[{"href":"https:\/\/roveyayinevi.com.tr\/index.php\/wp-json\/wp\/v2\/product\/688640","targetHints":{"allow":["GET"]}}],"collection":[{"href":"https:\/\/roveyayinevi.com.tr\/index.php\/wp-json\/wp\/v2\/product"}],"about":[{"href":"https:\/\/roveyayinevi.com.tr\/index.php\/wp-json\/wp\/v2\/types\/product"}],"wp:attachment":[{"href":"https:\/\/roveyayinevi.com.tr\/index.php\/wp-json\/wp\/v2\/media?parent=688640"}],"wp:term":[{"taxonomy":"product_brand","embeddable":true,"href":"https:\/\/roveyayinevi.com.tr\/index.php\/wp-json\/wp\/v2\/product_brand?post=688640"},{"taxonomy":"product_cat","embeddable":true,"href":"https:\/\/roveyayinevi.com.tr\/index.php\/wp-json\/wp\/v2\/product_cat?post=688640"},{"taxonomy":"product_tag","embeddable":true,"href":"https:\/\/roveyayinevi.com.tr\/index.php\/wp-json\/wp\/v2\/product_tag?post=688640"}],"curies":[{"name":"wp","href":"https:\/\/api.w.org\/{rel}","templated":true}]}}