{"id":688636,"date":"2025-08-27T13:07:12","date_gmt":"2025-08-27T10:07:12","guid":{"rendered":"https:\/\/roveyayinevi.com.tr\/index.php\/urun\/yusufun-treni\/"},"modified":"2026-04-16T01:58:34","modified_gmt":"2026-04-15T22:58:34","slug":"yusufun-treni","status":"publish","type":"product","link":"https:\/\/roveyayinevi.com.tr\/index.php\/urun\/yusufun-treni\/","title":{"rendered":"Yusuf\u2019un Treni"},"content":{"rendered":"<p>Yusuf&#8217;un Treni, Muzaffer \u0130zg\u00fc&#8217;n\u00fcn, \u00e7ok sevdi\u011fi \u00e7ocuklar i\u00e7in yazd\u0131\u011f\u0131 romanlar\u0131ndan biri. Tamam\u0131 birinci hamur k\u00e2\u011f\u0131da bas\u0131l\u0131. \u00c7ocuklara okumay\u0131 sevdirecek bir kitap.<\/p>\n","protected":false},"excerpt":{"rendered":"<p>Yusuf&#8217;un Treni, Muzaffer \u0130zg\u00fc&#8217;n\u00fcn, \u00e7ok sevdi\u011fi \u00e7ocuklar i\u00e7in yazd\u0131\u011f\u0131 romanlar\u0131ndan biri. Tamam\u0131 birinci hamur k\u00e2\u011f\u0131da bas\u0131l\u0131. \u00c7ocuklara okumay\u0131 sevdirecek bir kitap.<\/p>\n","protected":false},"featured_media":0,"template":"","meta":{"_monsterinsights_skip_tracking":false,"_monsterinsights_sitenote_active":false,"_monsterinsights_sitenote_note":"","_monsterinsights_sitenote_category":0},"product_brand":[],"product_cat":[12275,12274],"product_tag":[],"class_list":{"0":"post-688636","1":"product","2":"type-product","3":"status-publish","5":"product_cat-6-12-yas-kitaplari","6":"product_cat-cocuk-ve-genclik-kitaplari","7":"pa_cilt-ciltsiz","8":"pa_tur-kitap","9":"pa_yayinevi-bilgi-yayinevi-cocuk","10":"pa_yazar-muzaffer-izgu","12":"first","13":"instock","14":"sale","15":"shipping-taxable","16":"purchasable","17":"product-type-simple"},"_links":{"self":[{"href":"https:\/\/roveyayinevi.com.tr\/index.php\/wp-json\/wp\/v2\/product\/688636","targetHints":{"allow":["GET"]}}],"collection":[{"href":"https:\/\/roveyayinevi.com.tr\/index.php\/wp-json\/wp\/v2\/product"}],"about":[{"href":"https:\/\/roveyayinevi.com.tr\/index.php\/wp-json\/wp\/v2\/types\/product"}],"wp:attachment":[{"href":"https:\/\/roveyayinevi.com.tr\/index.php\/wp-json\/wp\/v2\/media?parent=688636"}],"wp:term":[{"taxonomy":"product_brand","embeddable":true,"href":"https:\/\/roveyayinevi.com.tr\/index.php\/wp-json\/wp\/v2\/product_brand?post=688636"},{"taxonomy":"product_cat","embeddable":true,"href":"https:\/\/roveyayinevi.com.tr\/index.php\/wp-json\/wp\/v2\/product_cat?post=688636"},{"taxonomy":"product_tag","embeddable":true,"href":"https:\/\/roveyayinevi.com.tr\/index.php\/wp-json\/wp\/v2\/product_tag?post=688636"}],"curies":[{"name":"wp","href":"https:\/\/api.w.org\/{rel}","templated":true}]}}