{"id":630941,"date":"2024-11-20T09:22:53","date_gmt":"2024-11-20T06:22:53","guid":{"rendered":"https:\/\/roveyayinevi.com.tr\/?page_id=630941"},"modified":"2024-11-20T09:27:19","modified_gmt":"2024-11-20T06:27:19","slug":"hizli-urun-arama","status":"publish","type":"page","link":"https:\/\/roveyayinevi.com.tr\/index.php\/hizli-urun-arama\/","title":{"rendered":"H\u0131zl\u0131 \u00dcr\u00fcn Arama"},"content":{"rendered":"","protected":false},"excerpt":{"rendered":"","protected":false},"author":1,"featured_media":0,"parent":0,"menu_order":0,"comment_status":"closed","ping_status":"closed","template":"page-search-list.php","meta":{"_monsterinsights_skip_tracking":false,"_monsterinsights_sitenote_active":false,"_monsterinsights_sitenote_note":"","_monsterinsights_sitenote_category":0,"footnotes":""},"class_list":["post-630941","page","type-page","status-publish","hentry"],"_links":{"self":[{"href":"https:\/\/roveyayinevi.com.tr\/index.php\/wp-json\/wp\/v2\/pages\/630941","targetHints":{"allow":["GET"]}}],"collection":[{"href":"https:\/\/roveyayinevi.com.tr\/index.php\/wp-json\/wp\/v2\/pages"}],"about":[{"href":"https:\/\/roveyayinevi.com.tr\/index.php\/wp-json\/wp\/v2\/types\/page"}],"author":[{"embeddable":true,"href":"https:\/\/roveyayinevi.com.tr\/index.php\/wp-json\/wp\/v2\/users\/1"}],"replies":[{"embeddable":true,"href":"https:\/\/roveyayinevi.com.tr\/index.php\/wp-json\/wp\/v2\/comments?post=630941"}],"version-history":[{"count":1,"href":"https:\/\/roveyayinevi.com.tr\/index.php\/wp-json\/wp\/v2\/pages\/630941\/revisions"}],"predecessor-version":[{"id":630942,"href":"https:\/\/roveyayinevi.com.tr\/index.php\/wp-json\/wp\/v2\/pages\/630941\/revisions\/630942"}],"wp:attachment":[{"href":"https:\/\/roveyayinevi.com.tr\/index.php\/wp-json\/wp\/v2\/media?parent=630941"}],"curies":[{"name":"wp","href":"https:\/\/api.w.org\/{rel}","templated":true}]}}